{"id":8909,"date":"2021-05-27T21:50:50","date_gmt":"2021-05-27T19:50:50","guid":{"rendered":"https:\/\/www.kakteen-matk-berlin.de\/?post_type=product&#038;p=8909"},"modified":"2022-03-02T16:16:06","modified_gmt":"2022-03-02T15:16:06","slug":"pachypodium-succulentum","status":"publish","type":"product","link":"https:\/\/www.kakteen-matk-berlin.de\/en\/produkt\/pachypodium-succulentum\/","title":{"rendered":"Pachypodium succulentum"},"content":{"rendered":"","protected":false},"excerpt":{"rendered":"<p>\u00d8 caudex 5 &#8211; 6 cm<\/p>\n<p>&nbsp;<\/p>\n","protected":false},"featured_media":22082,"comment_status":"open","ping_status":"closed","template":"","meta":[],"product_brand":[],"product_cat":[80,373],"product_tag":[],"class_list":{"0":"post-8909","1":"product","2":"type-product","3":"status-publish","4":"has-post-thumbnail","6":"product_cat-succulent","7":"product_cat-pachypodium-en","9":"first","10":"instock","11":"sold-individually","12":"taxable","13":"shipping-taxable","14":"purchasable","15":"product-type-simple"},"yoast_head":"<!-- This site is optimized with the Yoast SEO plugin v27.0 - https:\/\/yoast.com\/product\/yoast-seo-wordpress\/ -->\n<title>Pachypodium succulentum<\/title>\n<meta name=\"robots\" content=\"index, follow, max-snippet:-1, max-image-preview:large, max-video-preview:-1\" \/>\n<link rel=\"canonical\" href=\"https:\/\/www.kakteen-matk-berlin.de\/produkt\/pachypodium-succulentum\/\" \/>\n<meta property=\"og:locale\" content=\"en_US\" \/>\n<meta property=\"og:type\" content=\"article\" \/>\n<meta property=\"og:title\" content=\"Pachypodium succulentum\" \/>\n<meta property=\"og:description\" content=\"\u00d8 caudex 5 - 6 cm  &nbsp;\" \/>\n<meta property=\"og:url\" content=\"https:\/\/www.kakteen-matk-berlin.de\/produkt\/pachypodium-succulentum\/\" \/>\n<meta property=\"og:site_name\" content=\"Helmut Matk Kakteenkulturen\" \/>\n<meta property=\"article:modified_time\" content=\"2022-03-02T15:16:06+00:00\" \/>\n<meta property=\"og:image\" content=\"https:\/\/www.kakteen-matk-berlin.de\/wp-content\/uploads\/2025\/07\/IMG-20250724-WA0001.jpg\" \/>\n\t<meta property=\"og:image:width\" content=\"1313\" \/>\n\t<meta property=\"og:image:height\" content=\"1953\" \/>\n\t<meta property=\"og:image:type\" content=\"image\/jpeg\" \/>\n<meta name=\"twitter:card\" content=\"summary_large_image\" \/>\n<script type=\"application\/ld+json\" class=\"yoast-schema-graph\">{\"@context\":\"https:\/\/schema.org\",\"@graph\":[{\"@type\":\"WebPage\",\"@id\":\"https:\/\/www.kakteen-matk-berlin.de\/produkt\/pachypodium-succulentum\/\",\"url\":\"https:\/\/www.kakteen-matk-berlin.de\/produkt\/pachypodium-succulentum\/\",\"name\":\"Pachypodium succulentum\",\"isPartOf\":{\"@id\":\"https:\/\/www.kakteen-matk-berlin.de\/#website\"},\"primaryImageOfPage\":{\"@id\":\"https:\/\/www.kakteen-matk-berlin.de\/produkt\/pachypodium-succulentum\/#primaryimage\"},\"image\":{\"@id\":\"https:\/\/www.kakteen-matk-berlin.de\/produkt\/pachypodium-succulentum\/#primaryimage\"},\"thumbnailUrl\":\"https:\/\/www.kakteen-matk-berlin.de\/wp-content\/uploads\/2025\/07\/IMG-20250724-WA0001.jpg\",\"datePublished\":\"2021-05-27T19:50:50+00:00\",\"dateModified\":\"2022-03-02T15:16:06+00:00\",\"breadcrumb\":{\"@id\":\"https:\/\/www.kakteen-matk-berlin.de\/produkt\/pachypodium-succulentum\/#breadcrumb\"},\"inLanguage\":\"en-US\",\"potentialAction\":[{\"@type\":\"ReadAction\",\"target\":[\"https:\/\/www.kakteen-matk-berlin.de\/produkt\/pachypodium-succulentum\/\"]}]},{\"@type\":\"ImageObject\",\"inLanguage\":\"en-US\",\"@id\":\"https:\/\/www.kakteen-matk-berlin.de\/produkt\/pachypodium-succulentum\/#primaryimage\",\"url\":\"https:\/\/www.kakteen-matk-berlin.de\/wp-content\/uploads\/2025\/07\/IMG-20250724-WA0001.jpg\",\"contentUrl\":\"https:\/\/www.kakteen-matk-berlin.de\/wp-content\/uploads\/2025\/07\/IMG-20250724-WA0001.jpg\",\"width\":1313,\"height\":1953},{\"@type\":\"BreadcrumbList\",\"@id\":\"https:\/\/www.kakteen-matk-berlin.de\/produkt\/pachypodium-succulentum\/#breadcrumb\",\"itemListElement\":[{\"@type\":\"ListItem\",\"position\":1,\"name\":\"Startseite\",\"item\":\"https:\/\/www.kakteen-matk-berlin.de\/en\/\"},{\"@type\":\"ListItem\",\"position\":2,\"name\":\"Alle Produkte\",\"item\":\"https:\/\/www.kakteen-matk-berlin.de\/alle-produkte\/\"},{\"@type\":\"ListItem\",\"position\":3,\"name\":\"Pachypodium succulentum\"}]},{\"@type\":\"WebSite\",\"@id\":\"https:\/\/www.kakteen-matk-berlin.de\/#website\",\"url\":\"https:\/\/www.kakteen-matk-berlin.de\/\",\"name\":\"Helmut Matk Kakteenkulturen\",\"description\":\"100 j\u00e4hrige, produzierende Kakteeng\u00e4rtnerei in 4. Generation. Kakteen und andere Sukkulenten in allen Gr\u00f6\u00dfen-Formen-Farben mit Schaugarten und Onlineshop.\",\"publisher\":{\"@id\":\"https:\/\/www.kakteen-matk-berlin.de\/#organization\"},\"alternateName\":\"Kakteen und andere Sukkulenten\",\"potentialAction\":[{\"@type\":\"SearchAction\",\"target\":{\"@type\":\"EntryPoint\",\"urlTemplate\":\"https:\/\/www.kakteen-matk-berlin.de\/?s={search_term_string}\"},\"query-input\":{\"@type\":\"PropertyValueSpecification\",\"valueRequired\":true,\"valueName\":\"search_term_string\"}}],\"inLanguage\":\"en-US\"},{\"@type\":\"Organization\",\"@id\":\"https:\/\/www.kakteen-matk-berlin.de\/#organization\",\"name\":\"Helmut Matk Kakteenkulturen\",\"url\":\"https:\/\/www.kakteen-matk-berlin.de\/\",\"logo\":{\"@type\":\"ImageObject\",\"inLanguage\":\"en-US\",\"@id\":\"https:\/\/www.kakteen-matk-berlin.de\/#\/schema\/logo\/image\/\",\"url\":\"https:\/\/www.kakteen-matk-berlin.de\/wp-content\/uploads\/2023\/11\/cropped-Label.png\",\"contentUrl\":\"https:\/\/www.kakteen-matk-berlin.de\/wp-content\/uploads\/2023\/11\/cropped-Label.png\",\"width\":512,\"height\":512,\"caption\":\"Helmut Matk Kakteenkulturen\"},\"image\":{\"@id\":\"https:\/\/www.kakteen-matk-berlin.de\/#\/schema\/logo\/image\/\"}}]}<\/script>\n<!-- \/ Yoast SEO plugin. -->","yoast_head_json":{"title":"Pachypodium succulentum","robots":{"index":"index","follow":"follow","max-snippet":"max-snippet:-1","max-image-preview":"max-image-preview:large","max-video-preview":"max-video-preview:-1"},"canonical":"https:\/\/www.kakteen-matk-berlin.de\/produkt\/pachypodium-succulentum\/","og_locale":"en_US","og_type":"article","og_title":"Pachypodium succulentum","og_description":"\u00d8 caudex 5 - 6 cm  &nbsp;","og_url":"https:\/\/www.kakteen-matk-berlin.de\/produkt\/pachypodium-succulentum\/","og_site_name":"Helmut Matk Kakteenkulturen","article_modified_time":"2022-03-02T15:16:06+00:00","og_image":[{"width":1313,"height":1953,"url":"https:\/\/www.kakteen-matk-berlin.de\/wp-content\/uploads\/2025\/07\/IMG-20250724-WA0001.jpg","type":"image\/jpeg"}],"twitter_card":"summary_large_image","schema":{"@context":"https:\/\/schema.org","@graph":[{"@type":"WebPage","@id":"https:\/\/www.kakteen-matk-berlin.de\/produkt\/pachypodium-succulentum\/","url":"https:\/\/www.kakteen-matk-berlin.de\/produkt\/pachypodium-succulentum\/","name":"Pachypodium succulentum","isPartOf":{"@id":"https:\/\/www.kakteen-matk-berlin.de\/#website"},"primaryImageOfPage":{"@id":"https:\/\/www.kakteen-matk-berlin.de\/produkt\/pachypodium-succulentum\/#primaryimage"},"image":{"@id":"https:\/\/www.kakteen-matk-berlin.de\/produkt\/pachypodium-succulentum\/#primaryimage"},"thumbnailUrl":"https:\/\/www.kakteen-matk-berlin.de\/wp-content\/uploads\/2025\/07\/IMG-20250724-WA0001.jpg","datePublished":"2021-05-27T19:50:50+00:00","dateModified":"2022-03-02T15:16:06+00:00","breadcrumb":{"@id":"https:\/\/www.kakteen-matk-berlin.de\/produkt\/pachypodium-succulentum\/#breadcrumb"},"inLanguage":"en-US","potentialAction":[{"@type":"ReadAction","target":["https:\/\/www.kakteen-matk-berlin.de\/produkt\/pachypodium-succulentum\/"]}]},{"@type":"ImageObject","inLanguage":"en-US","@id":"https:\/\/www.kakteen-matk-berlin.de\/produkt\/pachypodium-succulentum\/#primaryimage","url":"https:\/\/www.kakteen-matk-berlin.de\/wp-content\/uploads\/2025\/07\/IMG-20250724-WA0001.jpg","contentUrl":"https:\/\/www.kakteen-matk-berlin.de\/wp-content\/uploads\/2025\/07\/IMG-20250724-WA0001.jpg","width":1313,"height":1953},{"@type":"BreadcrumbList","@id":"https:\/\/www.kakteen-matk-berlin.de\/produkt\/pachypodium-succulentum\/#breadcrumb","itemListElement":[{"@type":"ListItem","position":1,"name":"Startseite","item":"https:\/\/www.kakteen-matk-berlin.de\/en\/"},{"@type":"ListItem","position":2,"name":"Alle Produkte","item":"https:\/\/www.kakteen-matk-berlin.de\/alle-produkte\/"},{"@type":"ListItem","position":3,"name":"Pachypodium succulentum"}]},{"@type":"WebSite","@id":"https:\/\/www.kakteen-matk-berlin.de\/#website","url":"https:\/\/www.kakteen-matk-berlin.de\/","name":"Helmut Matk Kakteenkulturen","description":"100 j\u00e4hrige, produzierende Kakteeng\u00e4rtnerei in 4. Generation. Kakteen und andere Sukkulenten in allen Gr\u00f6\u00dfen-Formen-Farben mit Schaugarten und Onlineshop.","publisher":{"@id":"https:\/\/www.kakteen-matk-berlin.de\/#organization"},"alternateName":"Kakteen und andere Sukkulenten","potentialAction":[{"@type":"SearchAction","target":{"@type":"EntryPoint","urlTemplate":"https:\/\/www.kakteen-matk-berlin.de\/?s={search_term_string}"},"query-input":{"@type":"PropertyValueSpecification","valueRequired":true,"valueName":"search_term_string"}}],"inLanguage":"en-US"},{"@type":"Organization","@id":"https:\/\/www.kakteen-matk-berlin.de\/#organization","name":"Helmut Matk Kakteenkulturen","url":"https:\/\/www.kakteen-matk-berlin.de\/","logo":{"@type":"ImageObject","inLanguage":"en-US","@id":"https:\/\/www.kakteen-matk-berlin.de\/#\/schema\/logo\/image\/","url":"https:\/\/www.kakteen-matk-berlin.de\/wp-content\/uploads\/2023\/11\/cropped-Label.png","contentUrl":"https:\/\/www.kakteen-matk-berlin.de\/wp-content\/uploads\/2023\/11\/cropped-Label.png","width":512,"height":512,"caption":"Helmut Matk Kakteenkulturen"},"image":{"@id":"https:\/\/www.kakteen-matk-berlin.de\/#\/schema\/logo\/image\/"}}]}},"_links":{"self":[{"href":"https:\/\/www.kakteen-matk-berlin.de\/en\/wp-json\/wp\/v2\/product\/8909","targetHints":{"allow":["GET"]}}],"collection":[{"href":"https:\/\/www.kakteen-matk-berlin.de\/en\/wp-json\/wp\/v2\/product"}],"about":[{"href":"https:\/\/www.kakteen-matk-berlin.de\/en\/wp-json\/wp\/v2\/types\/product"}],"replies":[{"embeddable":true,"href":"https:\/\/www.kakteen-matk-berlin.de\/en\/wp-json\/wp\/v2\/comments?post=8909"}],"wp:featuredmedia":[{"embeddable":true,"href":"https:\/\/www.kakteen-matk-berlin.de\/en\/wp-json\/wp\/v2\/media\/22082"}],"wp:attachment":[{"href":"https:\/\/www.kakteen-matk-berlin.de\/en\/wp-json\/wp\/v2\/media?parent=8909"}],"wp:term":[{"taxonomy":"product_brand","embeddable":true,"href":"https:\/\/www.kakteen-matk-berlin.de\/en\/wp-json\/wp\/v2\/product_brand?post=8909"},{"taxonomy":"product_cat","embeddable":true,"href":"https:\/\/www.kakteen-matk-berlin.de\/en\/wp-json\/wp\/v2\/product_cat?post=8909"},{"taxonomy":"product_tag","embeddable":true,"href":"https:\/\/www.kakteen-matk-berlin.de\/en\/wp-json\/wp\/v2\/product_tag?post=8909"}],"curies":[{"name":"wp","href":"https:\/\/api.w.org\/{rel}","templated":true}]}}