{"id":2878,"date":"2019-05-29T14:15:55","date_gmt":"2019-05-29T12:15:55","guid":{"rendered":"https:\/\/www.kakteen-matk-berlin.de\/?post_type=product&#038;p=2878"},"modified":"2021-06-18T10:13:02","modified_gmt":"2021-06-18T08:13:02","slug":"adromischus-umbracticola-ramosus-ucbg-55-780","status":"publish","type":"product","link":"https:\/\/www.kakteen-matk-berlin.de\/en\/produkt\/adromischus-umbracticola-ramosus-ucbg-55-780\/","title":{"rendered":"Adromischus umbracticola ramosus UCBG 55-780"},"content":{"rendered":"","protected":false},"excerpt":{"rendered":"","protected":false},"featured_media":2866,"comment_status":"open","ping_status":"closed","template":"","meta":[],"product_brand":[],"product_cat":[80,225],"product_tag":[],"class_list":{"0":"post-2878","1":"product","2":"type-product","3":"status-publish","4":"has-post-thumbnail","6":"product_cat-succulent","7":"product_cat-adromischus-en","9":"first","10":"instock","11":"sold-individually","12":"taxable","13":"shipping-taxable","14":"purchasable","15":"product-type-variable"},"yoast_head":"<!-- This site is optimized with the Yoast SEO plugin v27.0 - https:\/\/yoast.com\/product\/yoast-seo-wordpress\/ -->\n<title>Adromischus umbracticola ramosus UCBG 55-780<\/title>\n<meta name=\"robots\" content=\"index, follow, max-snippet:-1, max-image-preview:large, max-video-preview:-1\" \/>\n<link rel=\"canonical\" href=\"https:\/\/www.kakteen-matk-berlin.de\/produkt\/adromischus-umbracticola-ramosus-ucbg-55-780\/\" \/>\n<meta property=\"og:locale\" content=\"en_US\" \/>\n<meta property=\"og:type\" content=\"article\" \/>\n<meta property=\"og:title\" content=\"Adromischus umbracticola ramosus UCBG 55-780\" \/>\n<meta property=\"og:url\" content=\"https:\/\/www.kakteen-matk-berlin.de\/produkt\/adromischus-umbracticola-ramosus-ucbg-55-780\/\" \/>\n<meta property=\"og:site_name\" content=\"Helmut Matk Kakteenkulturen\" \/>\n<meta property=\"article:modified_time\" content=\"2021-06-18T08:13:02+00:00\" \/>\n<meta property=\"og:image\" content=\"https:\/\/www.kakteen-matk-berlin.de\/wp-content\/uploads\/2019\/05\/Adromischus-umbracticola-ramosus-UCBG-55-780-g.jpg\" \/>\n\t<meta property=\"og:image:width\" content=\"1245\" \/>\n\t<meta property=\"og:image:height\" content=\"1161\" \/>\n\t<meta property=\"og:image:type\" content=\"image\/jpeg\" \/>\n<meta name=\"twitter:card\" content=\"summary_large_image\" \/>\n<script type=\"application\/ld+json\" class=\"yoast-schema-graph\">{\"@context\":\"https:\/\/schema.org\",\"@graph\":[{\"@type\":\"WebPage\",\"@id\":\"https:\/\/www.kakteen-matk-berlin.de\/produkt\/adromischus-umbracticola-ramosus-ucbg-55-780\/\",\"url\":\"https:\/\/www.kakteen-matk-berlin.de\/produkt\/adromischus-umbracticola-ramosus-ucbg-55-780\/\",\"name\":\"Adromischus umbracticola ramosus UCBG 55-780\",\"isPartOf\":{\"@id\":\"https:\/\/www.kakteen-matk-berlin.de\/#website\"},\"primaryImageOfPage\":{\"@id\":\"https:\/\/www.kakteen-matk-berlin.de\/produkt\/adromischus-umbracticola-ramosus-ucbg-55-780\/#primaryimage\"},\"image\":{\"@id\":\"https:\/\/www.kakteen-matk-berlin.de\/produkt\/adromischus-umbracticola-ramosus-ucbg-55-780\/#primaryimage\"},\"thumbnailUrl\":\"https:\/\/www.kakteen-matk-berlin.de\/wp-content\/uploads\/2019\/05\/Adromischus-umbracticola-ramosus-UCBG-55-780-g.jpg\",\"datePublished\":\"2019-05-29T12:15:55+00:00\",\"dateModified\":\"2021-06-18T08:13:02+00:00\",\"breadcrumb\":{\"@id\":\"https:\/\/www.kakteen-matk-berlin.de\/produkt\/adromischus-umbracticola-ramosus-ucbg-55-780\/#breadcrumb\"},\"inLanguage\":\"en-US\",\"potentialAction\":[{\"@type\":\"ReadAction\",\"target\":[\"https:\/\/www.kakteen-matk-berlin.de\/produkt\/adromischus-umbracticola-ramosus-ucbg-55-780\/\"]}]},{\"@type\":\"ImageObject\",\"inLanguage\":\"en-US\",\"@id\":\"https:\/\/www.kakteen-matk-berlin.de\/produkt\/adromischus-umbracticola-ramosus-ucbg-55-780\/#primaryimage\",\"url\":\"https:\/\/www.kakteen-matk-berlin.de\/wp-content\/uploads\/2019\/05\/Adromischus-umbracticola-ramosus-UCBG-55-780-g.jpg\",\"contentUrl\":\"https:\/\/www.kakteen-matk-berlin.de\/wp-content\/uploads\/2019\/05\/Adromischus-umbracticola-ramosus-UCBG-55-780-g.jpg\",\"width\":1245,\"height\":1161},{\"@type\":\"BreadcrumbList\",\"@id\":\"https:\/\/www.kakteen-matk-berlin.de\/produkt\/adromischus-umbracticola-ramosus-ucbg-55-780\/#breadcrumb\",\"itemListElement\":[{\"@type\":\"ListItem\",\"position\":1,\"name\":\"Startseite\",\"item\":\"https:\/\/www.kakteen-matk-berlin.de\/en\/\"},{\"@type\":\"ListItem\",\"position\":2,\"name\":\"Alle Produkte\",\"item\":\"https:\/\/www.kakteen-matk-berlin.de\/alle-produkte\/\"},{\"@type\":\"ListItem\",\"position\":3,\"name\":\"Adromischus umbracticola ramosus UCBG 55-780\"}]},{\"@type\":\"WebSite\",\"@id\":\"https:\/\/www.kakteen-matk-berlin.de\/#website\",\"url\":\"https:\/\/www.kakteen-matk-berlin.de\/\",\"name\":\"Helmut Matk Kakteenkulturen\",\"description\":\"100 j\u00e4hrige, produzierende Kakteeng\u00e4rtnerei in 4. Generation. Kakteen und andere Sukkulenten in allen Gr\u00f6\u00dfen-Formen-Farben mit Schaugarten und Onlineshop.\",\"publisher\":{\"@id\":\"https:\/\/www.kakteen-matk-berlin.de\/#organization\"},\"alternateName\":\"Kakteen und andere Sukkulenten\",\"potentialAction\":[{\"@type\":\"SearchAction\",\"target\":{\"@type\":\"EntryPoint\",\"urlTemplate\":\"https:\/\/www.kakteen-matk-berlin.de\/?s={search_term_string}\"},\"query-input\":{\"@type\":\"PropertyValueSpecification\",\"valueRequired\":true,\"valueName\":\"search_term_string\"}}],\"inLanguage\":\"en-US\"},{\"@type\":\"Organization\",\"@id\":\"https:\/\/www.kakteen-matk-berlin.de\/#organization\",\"name\":\"Helmut Matk Kakteenkulturen\",\"url\":\"https:\/\/www.kakteen-matk-berlin.de\/\",\"logo\":{\"@type\":\"ImageObject\",\"inLanguage\":\"en-US\",\"@id\":\"https:\/\/www.kakteen-matk-berlin.de\/#\/schema\/logo\/image\/\",\"url\":\"https:\/\/www.kakteen-matk-berlin.de\/wp-content\/uploads\/2023\/11\/cropped-Label.png\",\"contentUrl\":\"https:\/\/www.kakteen-matk-berlin.de\/wp-content\/uploads\/2023\/11\/cropped-Label.png\",\"width\":512,\"height\":512,\"caption\":\"Helmut Matk Kakteenkulturen\"},\"image\":{\"@id\":\"https:\/\/www.kakteen-matk-berlin.de\/#\/schema\/logo\/image\/\"}}]}<\/script>\n<!-- \/ Yoast SEO plugin. -->","yoast_head_json":{"title":"Adromischus umbracticola ramosus UCBG 55-780","robots":{"index":"index","follow":"follow","max-snippet":"max-snippet:-1","max-image-preview":"max-image-preview:large","max-video-preview":"max-video-preview:-1"},"canonical":"https:\/\/www.kakteen-matk-berlin.de\/produkt\/adromischus-umbracticola-ramosus-ucbg-55-780\/","og_locale":"en_US","og_type":"article","og_title":"Adromischus umbracticola ramosus UCBG 55-780","og_url":"https:\/\/www.kakteen-matk-berlin.de\/produkt\/adromischus-umbracticola-ramosus-ucbg-55-780\/","og_site_name":"Helmut Matk Kakteenkulturen","article_modified_time":"2021-06-18T08:13:02+00:00","og_image":[{"width":1245,"height":1161,"url":"https:\/\/www.kakteen-matk-berlin.de\/wp-content\/uploads\/2019\/05\/Adromischus-umbracticola-ramosus-UCBG-55-780-g.jpg","type":"image\/jpeg"}],"twitter_card":"summary_large_image","schema":{"@context":"https:\/\/schema.org","@graph":[{"@type":"WebPage","@id":"https:\/\/www.kakteen-matk-berlin.de\/produkt\/adromischus-umbracticola-ramosus-ucbg-55-780\/","url":"https:\/\/www.kakteen-matk-berlin.de\/produkt\/adromischus-umbracticola-ramosus-ucbg-55-780\/","name":"Adromischus umbracticola ramosus UCBG 55-780","isPartOf":{"@id":"https:\/\/www.kakteen-matk-berlin.de\/#website"},"primaryImageOfPage":{"@id":"https:\/\/www.kakteen-matk-berlin.de\/produkt\/adromischus-umbracticola-ramosus-ucbg-55-780\/#primaryimage"},"image":{"@id":"https:\/\/www.kakteen-matk-berlin.de\/produkt\/adromischus-umbracticola-ramosus-ucbg-55-780\/#primaryimage"},"thumbnailUrl":"https:\/\/www.kakteen-matk-berlin.de\/wp-content\/uploads\/2019\/05\/Adromischus-umbracticola-ramosus-UCBG-55-780-g.jpg","datePublished":"2019-05-29T12:15:55+00:00","dateModified":"2021-06-18T08:13:02+00:00","breadcrumb":{"@id":"https:\/\/www.kakteen-matk-berlin.de\/produkt\/adromischus-umbracticola-ramosus-ucbg-55-780\/#breadcrumb"},"inLanguage":"en-US","potentialAction":[{"@type":"ReadAction","target":["https:\/\/www.kakteen-matk-berlin.de\/produkt\/adromischus-umbracticola-ramosus-ucbg-55-780\/"]}]},{"@type":"ImageObject","inLanguage":"en-US","@id":"https:\/\/www.kakteen-matk-berlin.de\/produkt\/adromischus-umbracticola-ramosus-ucbg-55-780\/#primaryimage","url":"https:\/\/www.kakteen-matk-berlin.de\/wp-content\/uploads\/2019\/05\/Adromischus-umbracticola-ramosus-UCBG-55-780-g.jpg","contentUrl":"https:\/\/www.kakteen-matk-berlin.de\/wp-content\/uploads\/2019\/05\/Adromischus-umbracticola-ramosus-UCBG-55-780-g.jpg","width":1245,"height":1161},{"@type":"BreadcrumbList","@id":"https:\/\/www.kakteen-matk-berlin.de\/produkt\/adromischus-umbracticola-ramosus-ucbg-55-780\/#breadcrumb","itemListElement":[{"@type":"ListItem","position":1,"name":"Startseite","item":"https:\/\/www.kakteen-matk-berlin.de\/en\/"},{"@type":"ListItem","position":2,"name":"Alle Produkte","item":"https:\/\/www.kakteen-matk-berlin.de\/alle-produkte\/"},{"@type":"ListItem","position":3,"name":"Adromischus umbracticola ramosus UCBG 55-780"}]},{"@type":"WebSite","@id":"https:\/\/www.kakteen-matk-berlin.de\/#website","url":"https:\/\/www.kakteen-matk-berlin.de\/","name":"Helmut Matk Kakteenkulturen","description":"100 j\u00e4hrige, produzierende Kakteeng\u00e4rtnerei in 4. Generation. Kakteen und andere Sukkulenten in allen Gr\u00f6\u00dfen-Formen-Farben mit Schaugarten und Onlineshop.","publisher":{"@id":"https:\/\/www.kakteen-matk-berlin.de\/#organization"},"alternateName":"Kakteen und andere Sukkulenten","potentialAction":[{"@type":"SearchAction","target":{"@type":"EntryPoint","urlTemplate":"https:\/\/www.kakteen-matk-berlin.de\/?s={search_term_string}"},"query-input":{"@type":"PropertyValueSpecification","valueRequired":true,"valueName":"search_term_string"}}],"inLanguage":"en-US"},{"@type":"Organization","@id":"https:\/\/www.kakteen-matk-berlin.de\/#organization","name":"Helmut Matk Kakteenkulturen","url":"https:\/\/www.kakteen-matk-berlin.de\/","logo":{"@type":"ImageObject","inLanguage":"en-US","@id":"https:\/\/www.kakteen-matk-berlin.de\/#\/schema\/logo\/image\/","url":"https:\/\/www.kakteen-matk-berlin.de\/wp-content\/uploads\/2023\/11\/cropped-Label.png","contentUrl":"https:\/\/www.kakteen-matk-berlin.de\/wp-content\/uploads\/2023\/11\/cropped-Label.png","width":512,"height":512,"caption":"Helmut Matk Kakteenkulturen"},"image":{"@id":"https:\/\/www.kakteen-matk-berlin.de\/#\/schema\/logo\/image\/"}}]}},"_links":{"self":[{"href":"https:\/\/www.kakteen-matk-berlin.de\/en\/wp-json\/wp\/v2\/product\/2878","targetHints":{"allow":["GET"]}}],"collection":[{"href":"https:\/\/www.kakteen-matk-berlin.de\/en\/wp-json\/wp\/v2\/product"}],"about":[{"href":"https:\/\/www.kakteen-matk-berlin.de\/en\/wp-json\/wp\/v2\/types\/product"}],"replies":[{"embeddable":true,"href":"https:\/\/www.kakteen-matk-berlin.de\/en\/wp-json\/wp\/v2\/comments?post=2878"}],"wp:featuredmedia":[{"embeddable":true,"href":"https:\/\/www.kakteen-matk-berlin.de\/en\/wp-json\/wp\/v2\/media\/2866"}],"wp:attachment":[{"href":"https:\/\/www.kakteen-matk-berlin.de\/en\/wp-json\/wp\/v2\/media?parent=2878"}],"wp:term":[{"taxonomy":"product_brand","embeddable":true,"href":"https:\/\/www.kakteen-matk-berlin.de\/en\/wp-json\/wp\/v2\/product_brand?post=2878"},{"taxonomy":"product_cat","embeddable":true,"href":"https:\/\/www.kakteen-matk-berlin.de\/en\/wp-json\/wp\/v2\/product_cat?post=2878"},{"taxonomy":"product_tag","embeddable":true,"href":"https:\/\/www.kakteen-matk-berlin.de\/en\/wp-json\/wp\/v2\/product_tag?post=2878"}],"curies":[{"name":"wp","href":"https:\/\/api.w.org\/{rel}","templated":true}]}}