{"id":22630,"date":"2025-08-20T23:09:08","date_gmt":"2025-08-20T21:09:08","guid":{"rendered":"https:\/\/www.kakteen-matk-berlin.de\/?post_type=product&#038;p=22630"},"modified":"2025-08-24T22:24:45","modified_gmt":"2025-08-24T20:24:45","slug":"pachyphytum-glauca-2","status":"publish","type":"product","link":"https:\/\/www.kakteen-matk-berlin.de\/en\/produkt\/pachyphytum-glauca-2\/","title":{"rendered":"Pachyphytum glauca"},"content":{"rendered":"<div class=\"QmZWSe\">\n<div class=\"DHcWmd\"><\/div>\n<\/div>\n<div class=\"oSioSc\">\n<div id=\"tw-target\">\n<div id=\"kAz1tf\" class=\"g9WsWb PZPZlf\" data-attrid=\"tw-targetArea\" data-entityname=\"Google Translate\">\n<div id=\"tw-target-text-container\" class=\"tw-ta-container tw-nfl\" tabindex=\"0\" role=\"text\">\n<pre id=\"tw-target-text\" class=\"tw-data-text tw-text-large tw-ta\" dir=\"ltr\" data-placeholder=\"\u00dcbersetzung\" data-ved=\"2ahUKEwjovtGcmqSPAxWqnf0HHZRwMdkQ3ewLegQICRAU\" aria-label=\"\u00dcbersetzter Text: Propagated from leaves in 2015,\r\n\r\nold, hard-grown plants!\"><span class=\"Y2IQFc\" lang=\"en\">Propagated from leaves in 2015,\r\n\r\nold, hard-grown plants!<\/span><\/pre>\n<\/div>\n<\/div>\n<\/div>\n<\/div>\n","protected":false},"excerpt":{"rendered":"<p>Propagated from leaves in 2015, old, hard-grown plants!<\/p>\n","protected":false},"featured_media":22616,"comment_status":"open","ping_status":"closed","template":"","meta":[],"product_brand":[],"product_cat":[80,238],"product_tag":[],"class_list":{"0":"post-22630","1":"product","2":"type-product","3":"status-publish","4":"has-post-thumbnail","6":"product_cat-succulent","7":"product_cat-pachyphytum-en-2","9":"first","10":"instock","11":"taxable","12":"shipping-taxable","13":"purchasable","14":"product-type-variable"},"yoast_head":"<!-- This site is optimized with the Yoast SEO plugin v27.0 - https:\/\/yoast.com\/product\/yoast-seo-wordpress\/ -->\n<title>Pachyphytum glauca - Helmut Matk Kakteenkulturen<\/title>\n<meta name=\"description\" content=\"Pachyphytum glauca\" \/>\n<meta name=\"robots\" content=\"index, follow, max-snippet:-1, max-image-preview:large, max-video-preview:-1\" \/>\n<link rel=\"canonical\" href=\"https:\/\/www.kakteen-matk-berlin.de\/en\/produkt\/pachyphytum-glauca-2\/\" \/>\n<meta property=\"og:locale\" content=\"en_US\" \/>\n<meta property=\"og:type\" content=\"article\" \/>\n<meta property=\"og:title\" content=\"Pachyphytum glauca - Helmut Matk Kakteenkulturen\" \/>\n<meta property=\"og:description\" content=\"Pachyphytum glauca\" \/>\n<meta property=\"og:url\" content=\"https:\/\/www.kakteen-matk-berlin.de\/en\/produkt\/pachyphytum-glauca-2\/\" \/>\n<meta property=\"og:site_name\" content=\"Helmut Matk Kakteenkulturen\" \/>\n<meta property=\"article:modified_time\" content=\"2025-08-24T20:24:45+00:00\" \/>\n<meta property=\"og:image\" content=\"https:\/\/www.kakteen-matk-berlin.de\/wp-content\/uploads\/2022\/04\/IMG-20250820-WA0008.jpg\" \/>\n\t<meta property=\"og:image:width\" content=\"1742\" \/>\n\t<meta property=\"og:image:height\" content=\"2048\" \/>\n\t<meta property=\"og:image:type\" content=\"image\/jpeg\" \/>\n<meta name=\"twitter:card\" content=\"summary_large_image\" \/>\n<meta name=\"twitter:label1\" content=\"Est. reading time\" \/>\n\t<meta name=\"twitter:data1\" content=\"1 minute\" \/>\n<script type=\"application\/ld+json\" class=\"yoast-schema-graph\">{\"@context\":\"https:\/\/schema.org\",\"@graph\":[{\"@type\":\"WebPage\",\"@id\":\"https:\/\/www.kakteen-matk-berlin.de\/en\/produkt\/pachyphytum-glauca-2\/\",\"url\":\"https:\/\/www.kakteen-matk-berlin.de\/en\/produkt\/pachyphytum-glauca-2\/\",\"name\":\"Pachyphytum glauca - Helmut Matk Kakteenkulturen\",\"isPartOf\":{\"@id\":\"https:\/\/www.kakteen-matk-berlin.de\/#website\"},\"primaryImageOfPage\":{\"@id\":\"https:\/\/www.kakteen-matk-berlin.de\/en\/produkt\/pachyphytum-glauca-2\/#primaryimage\"},\"image\":{\"@id\":\"https:\/\/www.kakteen-matk-berlin.de\/en\/produkt\/pachyphytum-glauca-2\/#primaryimage\"},\"thumbnailUrl\":\"https:\/\/www.kakteen-matk-berlin.de\/wp-content\/uploads\/2022\/04\/IMG-20250820-WA0008.jpg\",\"datePublished\":\"2025-08-20T21:09:08+00:00\",\"dateModified\":\"2025-08-24T20:24:45+00:00\",\"description\":\"Pachyphytum glauca\",\"breadcrumb\":{\"@id\":\"https:\/\/www.kakteen-matk-berlin.de\/en\/produkt\/pachyphytum-glauca-2\/#breadcrumb\"},\"inLanguage\":\"en-US\",\"potentialAction\":[{\"@type\":\"ReadAction\",\"target\":[\"https:\/\/www.kakteen-matk-berlin.de\/en\/produkt\/pachyphytum-glauca-2\/\"]}]},{\"@type\":\"ImageObject\",\"inLanguage\":\"en-US\",\"@id\":\"https:\/\/www.kakteen-matk-berlin.de\/en\/produkt\/pachyphytum-glauca-2\/#primaryimage\",\"url\":\"https:\/\/www.kakteen-matk-berlin.de\/wp-content\/uploads\/2022\/04\/IMG-20250820-WA0008.jpg\",\"contentUrl\":\"https:\/\/www.kakteen-matk-berlin.de\/wp-content\/uploads\/2022\/04\/IMG-20250820-WA0008.jpg\",\"width\":1742,\"height\":2048},{\"@type\":\"BreadcrumbList\",\"@id\":\"https:\/\/www.kakteen-matk-berlin.de\/en\/produkt\/pachyphytum-glauca-2\/#breadcrumb\",\"itemListElement\":[{\"@type\":\"ListItem\",\"position\":1,\"name\":\"Startseite\",\"item\":\"https:\/\/www.kakteen-matk-berlin.de\/en\/\"},{\"@type\":\"ListItem\",\"position\":2,\"name\":\"Alle Produkte\",\"item\":\"https:\/\/www.kakteen-matk-berlin.de\/alle-produkte\/\"},{\"@type\":\"ListItem\",\"position\":3,\"name\":\"Pachyphytum glauca\"}]},{\"@type\":\"WebSite\",\"@id\":\"https:\/\/www.kakteen-matk-berlin.de\/#website\",\"url\":\"https:\/\/www.kakteen-matk-berlin.de\/\",\"name\":\"Helmut Matk Kakteenkulturen\",\"description\":\"100 j\u00e4hrige, produzierende Kakteeng\u00e4rtnerei in 4. Generation. Kakteen und andere Sukkulenten in allen Gr\u00f6\u00dfen-Formen-Farben mit Schaugarten und Onlineshop.\",\"publisher\":{\"@id\":\"https:\/\/www.kakteen-matk-berlin.de\/#organization\"},\"alternateName\":\"Kakteen und andere Sukkulenten\",\"potentialAction\":[{\"@type\":\"SearchAction\",\"target\":{\"@type\":\"EntryPoint\",\"urlTemplate\":\"https:\/\/www.kakteen-matk-berlin.de\/?s={search_term_string}\"},\"query-input\":{\"@type\":\"PropertyValueSpecification\",\"valueRequired\":true,\"valueName\":\"search_term_string\"}}],\"inLanguage\":\"en-US\"},{\"@type\":\"Organization\",\"@id\":\"https:\/\/www.kakteen-matk-berlin.de\/#organization\",\"name\":\"Helmut Matk Kakteenkulturen\",\"url\":\"https:\/\/www.kakteen-matk-berlin.de\/\",\"logo\":{\"@type\":\"ImageObject\",\"inLanguage\":\"en-US\",\"@id\":\"https:\/\/www.kakteen-matk-berlin.de\/#\/schema\/logo\/image\/\",\"url\":\"https:\/\/www.kakteen-matk-berlin.de\/wp-content\/uploads\/2023\/11\/cropped-Label.png\",\"contentUrl\":\"https:\/\/www.kakteen-matk-berlin.de\/wp-content\/uploads\/2023\/11\/cropped-Label.png\",\"width\":512,\"height\":512,\"caption\":\"Helmut Matk Kakteenkulturen\"},\"image\":{\"@id\":\"https:\/\/www.kakteen-matk-berlin.de\/#\/schema\/logo\/image\/\"}}]}<\/script>\n<!-- \/ Yoast SEO plugin. -->","yoast_head_json":{"title":"Pachyphytum glauca - Helmut Matk Kakteenkulturen","description":"Pachyphytum glauca","robots":{"index":"index","follow":"follow","max-snippet":"max-snippet:-1","max-image-preview":"max-image-preview:large","max-video-preview":"max-video-preview:-1"},"canonical":"https:\/\/www.kakteen-matk-berlin.de\/en\/produkt\/pachyphytum-glauca-2\/","og_locale":"en_US","og_type":"article","og_title":"Pachyphytum glauca - Helmut Matk Kakteenkulturen","og_description":"Pachyphytum glauca","og_url":"https:\/\/www.kakteen-matk-berlin.de\/en\/produkt\/pachyphytum-glauca-2\/","og_site_name":"Helmut Matk Kakteenkulturen","article_modified_time":"2025-08-24T20:24:45+00:00","og_image":[{"width":1742,"height":2048,"url":"https:\/\/www.kakteen-matk-berlin.de\/wp-content\/uploads\/2022\/04\/IMG-20250820-WA0008.jpg","type":"image\/jpeg"}],"twitter_card":"summary_large_image","twitter_misc":{"Est. reading time":"1 minute"},"schema":{"@context":"https:\/\/schema.org","@graph":[{"@type":"WebPage","@id":"https:\/\/www.kakteen-matk-berlin.de\/en\/produkt\/pachyphytum-glauca-2\/","url":"https:\/\/www.kakteen-matk-berlin.de\/en\/produkt\/pachyphytum-glauca-2\/","name":"Pachyphytum glauca - Helmut Matk Kakteenkulturen","isPartOf":{"@id":"https:\/\/www.kakteen-matk-berlin.de\/#website"},"primaryImageOfPage":{"@id":"https:\/\/www.kakteen-matk-berlin.de\/en\/produkt\/pachyphytum-glauca-2\/#primaryimage"},"image":{"@id":"https:\/\/www.kakteen-matk-berlin.de\/en\/produkt\/pachyphytum-glauca-2\/#primaryimage"},"thumbnailUrl":"https:\/\/www.kakteen-matk-berlin.de\/wp-content\/uploads\/2022\/04\/IMG-20250820-WA0008.jpg","datePublished":"2025-08-20T21:09:08+00:00","dateModified":"2025-08-24T20:24:45+00:00","description":"Pachyphytum glauca","breadcrumb":{"@id":"https:\/\/www.kakteen-matk-berlin.de\/en\/produkt\/pachyphytum-glauca-2\/#breadcrumb"},"inLanguage":"en-US","potentialAction":[{"@type":"ReadAction","target":["https:\/\/www.kakteen-matk-berlin.de\/en\/produkt\/pachyphytum-glauca-2\/"]}]},{"@type":"ImageObject","inLanguage":"en-US","@id":"https:\/\/www.kakteen-matk-berlin.de\/en\/produkt\/pachyphytum-glauca-2\/#primaryimage","url":"https:\/\/www.kakteen-matk-berlin.de\/wp-content\/uploads\/2022\/04\/IMG-20250820-WA0008.jpg","contentUrl":"https:\/\/www.kakteen-matk-berlin.de\/wp-content\/uploads\/2022\/04\/IMG-20250820-WA0008.jpg","width":1742,"height":2048},{"@type":"BreadcrumbList","@id":"https:\/\/www.kakteen-matk-berlin.de\/en\/produkt\/pachyphytum-glauca-2\/#breadcrumb","itemListElement":[{"@type":"ListItem","position":1,"name":"Startseite","item":"https:\/\/www.kakteen-matk-berlin.de\/en\/"},{"@type":"ListItem","position":2,"name":"Alle Produkte","item":"https:\/\/www.kakteen-matk-berlin.de\/alle-produkte\/"},{"@type":"ListItem","position":3,"name":"Pachyphytum glauca"}]},{"@type":"WebSite","@id":"https:\/\/www.kakteen-matk-berlin.de\/#website","url":"https:\/\/www.kakteen-matk-berlin.de\/","name":"Helmut Matk Kakteenkulturen","description":"100 j\u00e4hrige, produzierende Kakteeng\u00e4rtnerei in 4. Generation. Kakteen und andere Sukkulenten in allen Gr\u00f6\u00dfen-Formen-Farben mit Schaugarten und Onlineshop.","publisher":{"@id":"https:\/\/www.kakteen-matk-berlin.de\/#organization"},"alternateName":"Kakteen und andere Sukkulenten","potentialAction":[{"@type":"SearchAction","target":{"@type":"EntryPoint","urlTemplate":"https:\/\/www.kakteen-matk-berlin.de\/?s={search_term_string}"},"query-input":{"@type":"PropertyValueSpecification","valueRequired":true,"valueName":"search_term_string"}}],"inLanguage":"en-US"},{"@type":"Organization","@id":"https:\/\/www.kakteen-matk-berlin.de\/#organization","name":"Helmut Matk Kakteenkulturen","url":"https:\/\/www.kakteen-matk-berlin.de\/","logo":{"@type":"ImageObject","inLanguage":"en-US","@id":"https:\/\/www.kakteen-matk-berlin.de\/#\/schema\/logo\/image\/","url":"https:\/\/www.kakteen-matk-berlin.de\/wp-content\/uploads\/2023\/11\/cropped-Label.png","contentUrl":"https:\/\/www.kakteen-matk-berlin.de\/wp-content\/uploads\/2023\/11\/cropped-Label.png","width":512,"height":512,"caption":"Helmut Matk Kakteenkulturen"},"image":{"@id":"https:\/\/www.kakteen-matk-berlin.de\/#\/schema\/logo\/image\/"}}]}},"_links":{"self":[{"href":"https:\/\/www.kakteen-matk-berlin.de\/en\/wp-json\/wp\/v2\/product\/22630","targetHints":{"allow":["GET"]}}],"collection":[{"href":"https:\/\/www.kakteen-matk-berlin.de\/en\/wp-json\/wp\/v2\/product"}],"about":[{"href":"https:\/\/www.kakteen-matk-berlin.de\/en\/wp-json\/wp\/v2\/types\/product"}],"replies":[{"embeddable":true,"href":"https:\/\/www.kakteen-matk-berlin.de\/en\/wp-json\/wp\/v2\/comments?post=22630"}],"wp:featuredmedia":[{"embeddable":true,"href":"https:\/\/www.kakteen-matk-berlin.de\/en\/wp-json\/wp\/v2\/media\/22616"}],"wp:attachment":[{"href":"https:\/\/www.kakteen-matk-berlin.de\/en\/wp-json\/wp\/v2\/media?parent=22630"}],"wp:term":[{"taxonomy":"product_brand","embeddable":true,"href":"https:\/\/www.kakteen-matk-berlin.de\/en\/wp-json\/wp\/v2\/product_brand?post=22630"},{"taxonomy":"product_cat","embeddable":true,"href":"https:\/\/www.kakteen-matk-berlin.de\/en\/wp-json\/wp\/v2\/product_cat?post=22630"},{"taxonomy":"product_tag","embeddable":true,"href":"https:\/\/www.kakteen-matk-berlin.de\/en\/wp-json\/wp\/v2\/product_tag?post=22630"}],"curies":[{"name":"wp","href":"https:\/\/api.w.org\/{rel}","templated":true}]}}