{"id":1953,"date":"2019-01-17T14:12:04","date_gmt":"2019-02-14T20:41:49","guid":{"rendered":"https:\/\/www.kakteen-matk-berlin.de\/?post_type=product&#038;p=1953"},"modified":"2024-06-12T23:52:18","modified_gmt":"2024-06-12T21:52:18","slug":"gymnocalicium-mihanovichii-rubra","status":"publish","type":"product","link":"https:\/\/www.kakteen-matk-berlin.de\/en\/produkt\/gymnocalicium-mihanovichii-rubra\/","title":{"rendered":"Gymnocalycium mihanovichii rubra &#8216;strawberry cactus&#8217;"},"content":{"rendered":"","protected":false},"excerpt":{"rendered":"","protected":false},"featured_media":1006,"comment_status":"open","ping_status":"closed","template":"","meta":[],"product_brand":[],"product_cat":[79,206],"product_tag":[],"class_list":{"0":"post-1953","1":"product","2":"type-product","3":"status-publish","4":"has-post-thumbnail","6":"product_cat-cacti","7":"product_cat-gymnocalicium-en","9":"first","10":"instock","11":"taxable","12":"shipping-taxable","13":"purchasable","14":"product-type-simple"},"yoast_head":"<!-- This site is optimized with the Yoast SEO plugin v27.4 - https:\/\/yoast.com\/product\/yoast-seo-wordpress\/ -->\n<title>Gymnocalycium mihanovichii rubra<\/title>\n<meta name=\"robots\" content=\"index, follow, max-snippet:-1, max-image-preview:large, max-video-preview:-1\" \/>\n<link rel=\"canonical\" href=\"https:\/\/www.kakteen-matk-berlin.de\/en\/produkt\/gymnocalicium-mihanovichii-rubra\/\" \/>\n<meta property=\"og:locale\" content=\"en_US\" \/>\n<meta property=\"og:type\" content=\"article\" \/>\n<meta property=\"og:title\" content=\"Gymnocalycium mihanovichii rubra\" \/>\n<meta property=\"og:url\" content=\"https:\/\/www.kakteen-matk-berlin.de\/en\/produkt\/gymnocalicium-mihanovichii-rubra\/\" \/>\n<meta property=\"og:site_name\" content=\"Helmut Matk Kakteenkulturen\" \/>\n<meta property=\"article:modified_time\" content=\"2024-06-12T21:52:18+00:00\" \/>\n<meta property=\"og:image\" content=\"https:\/\/www.kakteen-matk-berlin.de\/wp-content\/uploads\/2019\/01\/Gymnocalicium-rot.jpg\" \/>\n\t<meta property=\"og:image:width\" content=\"2101\" \/>\n\t<meta property=\"og:image:height\" content=\"2492\" \/>\n\t<meta property=\"og:image:type\" content=\"image\/jpeg\" \/>\n<meta name=\"twitter:card\" content=\"summary_large_image\" \/>\n<meta name=\"twitter:label1\" content=\"Est. reading time\" \/>\n\t<meta name=\"twitter:data1\" content=\"1 minute\" \/>\n<script type=\"application\/ld+json\" class=\"yoast-schema-graph\">{\"@context\":\"https:\\\/\\\/schema.org\",\"@graph\":[{\"@type\":\"WebPage\",\"@id\":\"https:\\\/\\\/www.kakteen-matk-berlin.de\\\/en\\\/produkt\\\/gymnocalicium-mihanovichii-rubra\\\/\",\"url\":\"https:\\\/\\\/www.kakteen-matk-berlin.de\\\/en\\\/produkt\\\/gymnocalicium-mihanovichii-rubra\\\/\",\"name\":\"Gymnocalycium mihanovichii rubra\",\"isPartOf\":{\"@id\":\"https:\\\/\\\/www.kakteen-matk-berlin.de\\\/#website\"},\"primaryImageOfPage\":{\"@id\":\"https:\\\/\\\/www.kakteen-matk-berlin.de\\\/en\\\/produkt\\\/gymnocalicium-mihanovichii-rubra\\\/#primaryimage\"},\"image\":{\"@id\":\"https:\\\/\\\/www.kakteen-matk-berlin.de\\\/en\\\/produkt\\\/gymnocalicium-mihanovichii-rubra\\\/#primaryimage\"},\"thumbnailUrl\":\"https:\\\/\\\/www.kakteen-matk-berlin.de\\\/wp-content\\\/uploads\\\/2019\\\/01\\\/Gymnocalicium-rot.jpg\",\"datePublished\":\"2019-02-14T20:41:49+00:00\",\"dateModified\":\"2024-06-12T21:52:18+00:00\",\"breadcrumb\":{\"@id\":\"https:\\\/\\\/www.kakteen-matk-berlin.de\\\/en\\\/produkt\\\/gymnocalicium-mihanovichii-rubra\\\/#breadcrumb\"},\"inLanguage\":\"en-US\",\"potentialAction\":[{\"@type\":\"ReadAction\",\"target\":[\"https:\\\/\\\/www.kakteen-matk-berlin.de\\\/en\\\/produkt\\\/gymnocalicium-mihanovichii-rubra\\\/\"]}]},{\"@type\":\"ImageObject\",\"inLanguage\":\"en-US\",\"@id\":\"https:\\\/\\\/www.kakteen-matk-berlin.de\\\/en\\\/produkt\\\/gymnocalicium-mihanovichii-rubra\\\/#primaryimage\",\"url\":\"https:\\\/\\\/www.kakteen-matk-berlin.de\\\/wp-content\\\/uploads\\\/2019\\\/01\\\/Gymnocalicium-rot.jpg\",\"contentUrl\":\"https:\\\/\\\/www.kakteen-matk-berlin.de\\\/wp-content\\\/uploads\\\/2019\\\/01\\\/Gymnocalicium-rot.jpg\",\"width\":2101,\"height\":2492},{\"@type\":\"BreadcrumbList\",\"@id\":\"https:\\\/\\\/www.kakteen-matk-berlin.de\\\/en\\\/produkt\\\/gymnocalicium-mihanovichii-rubra\\\/#breadcrumb\",\"itemListElement\":[{\"@type\":\"ListItem\",\"position\":1,\"name\":\"Startseite\",\"item\":\"https:\\\/\\\/www.kakteen-matk-berlin.de\\\/en\\\/\"},{\"@type\":\"ListItem\",\"position\":2,\"name\":\"Alle Produkte\",\"item\":\"https:\\\/\\\/www.kakteen-matk-berlin.de\\\/alle-produkte\\\/\"},{\"@type\":\"ListItem\",\"position\":3,\"name\":\"Gymnocalycium mihanovichii rubra &#8217;strawberry cactus&#8216;\"}]},{\"@type\":\"WebSite\",\"@id\":\"https:\\\/\\\/www.kakteen-matk-berlin.de\\\/#website\",\"url\":\"https:\\\/\\\/www.kakteen-matk-berlin.de\\\/\",\"name\":\"Helmut Matk Kakteenkulturen\",\"description\":\"100 j\u00e4hrige, produzierende Kakteeng\u00e4rtnerei in 4. Generation. Kakteen und andere Sukkulenten in allen Gr\u00f6\u00dfen-Formen-Farben mit Schaugarten und Onlineshop.\",\"publisher\":{\"@id\":\"https:\\\/\\\/www.kakteen-matk-berlin.de\\\/#organization\"},\"alternateName\":\"Kakteen und andere Sukkulenten\",\"potentialAction\":[{\"@type\":\"SearchAction\",\"target\":{\"@type\":\"EntryPoint\",\"urlTemplate\":\"https:\\\/\\\/www.kakteen-matk-berlin.de\\\/?s={search_term_string}\"},\"query-input\":{\"@type\":\"PropertyValueSpecification\",\"valueRequired\":true,\"valueName\":\"search_term_string\"}}],\"inLanguage\":\"en-US\"},{\"@type\":\"Organization\",\"@id\":\"https:\\\/\\\/www.kakteen-matk-berlin.de\\\/#organization\",\"name\":\"Helmut Matk Kakteenkulturen\",\"url\":\"https:\\\/\\\/www.kakteen-matk-berlin.de\\\/\",\"logo\":{\"@type\":\"ImageObject\",\"inLanguage\":\"en-US\",\"@id\":\"https:\\\/\\\/www.kakteen-matk-berlin.de\\\/#\\\/schema\\\/logo\\\/image\\\/\",\"url\":\"https:\\\/\\\/www.kakteen-matk-berlin.de\\\/wp-content\\\/uploads\\\/2023\\\/11\\\/cropped-Label.png\",\"contentUrl\":\"https:\\\/\\\/www.kakteen-matk-berlin.de\\\/wp-content\\\/uploads\\\/2023\\\/11\\\/cropped-Label.png\",\"width\":512,\"height\":512,\"caption\":\"Helmut Matk Kakteenkulturen\"},\"image\":{\"@id\":\"https:\\\/\\\/www.kakteen-matk-berlin.de\\\/#\\\/schema\\\/logo\\\/image\\\/\"}}]}<\/script>\n<!-- \/ Yoast SEO plugin. -->","yoast_head_json":{"title":"Gymnocalycium mihanovichii rubra","robots":{"index":"index","follow":"follow","max-snippet":"max-snippet:-1","max-image-preview":"max-image-preview:large","max-video-preview":"max-video-preview:-1"},"canonical":"https:\/\/www.kakteen-matk-berlin.de\/en\/produkt\/gymnocalicium-mihanovichii-rubra\/","og_locale":"en_US","og_type":"article","og_title":"Gymnocalycium mihanovichii rubra","og_url":"https:\/\/www.kakteen-matk-berlin.de\/en\/produkt\/gymnocalicium-mihanovichii-rubra\/","og_site_name":"Helmut Matk Kakteenkulturen","article_modified_time":"2024-06-12T21:52:18+00:00","og_image":[{"width":2101,"height":2492,"url":"https:\/\/www.kakteen-matk-berlin.de\/wp-content\/uploads\/2019\/01\/Gymnocalicium-rot.jpg","type":"image\/jpeg"}],"twitter_card":"summary_large_image","twitter_misc":{"Est. reading time":"1 minute"},"schema":{"@context":"https:\/\/schema.org","@graph":[{"@type":"WebPage","@id":"https:\/\/www.kakteen-matk-berlin.de\/en\/produkt\/gymnocalicium-mihanovichii-rubra\/","url":"https:\/\/www.kakteen-matk-berlin.de\/en\/produkt\/gymnocalicium-mihanovichii-rubra\/","name":"Gymnocalycium mihanovichii rubra","isPartOf":{"@id":"https:\/\/www.kakteen-matk-berlin.de\/#website"},"primaryImageOfPage":{"@id":"https:\/\/www.kakteen-matk-berlin.de\/en\/produkt\/gymnocalicium-mihanovichii-rubra\/#primaryimage"},"image":{"@id":"https:\/\/www.kakteen-matk-berlin.de\/en\/produkt\/gymnocalicium-mihanovichii-rubra\/#primaryimage"},"thumbnailUrl":"https:\/\/www.kakteen-matk-berlin.de\/wp-content\/uploads\/2019\/01\/Gymnocalicium-rot.jpg","datePublished":"2019-02-14T20:41:49+00:00","dateModified":"2024-06-12T21:52:18+00:00","breadcrumb":{"@id":"https:\/\/www.kakteen-matk-berlin.de\/en\/produkt\/gymnocalicium-mihanovichii-rubra\/#breadcrumb"},"inLanguage":"en-US","potentialAction":[{"@type":"ReadAction","target":["https:\/\/www.kakteen-matk-berlin.de\/en\/produkt\/gymnocalicium-mihanovichii-rubra\/"]}]},{"@type":"ImageObject","inLanguage":"en-US","@id":"https:\/\/www.kakteen-matk-berlin.de\/en\/produkt\/gymnocalicium-mihanovichii-rubra\/#primaryimage","url":"https:\/\/www.kakteen-matk-berlin.de\/wp-content\/uploads\/2019\/01\/Gymnocalicium-rot.jpg","contentUrl":"https:\/\/www.kakteen-matk-berlin.de\/wp-content\/uploads\/2019\/01\/Gymnocalicium-rot.jpg","width":2101,"height":2492},{"@type":"BreadcrumbList","@id":"https:\/\/www.kakteen-matk-berlin.de\/en\/produkt\/gymnocalicium-mihanovichii-rubra\/#breadcrumb","itemListElement":[{"@type":"ListItem","position":1,"name":"Startseite","item":"https:\/\/www.kakteen-matk-berlin.de\/en\/"},{"@type":"ListItem","position":2,"name":"Alle Produkte","item":"https:\/\/www.kakteen-matk-berlin.de\/alle-produkte\/"},{"@type":"ListItem","position":3,"name":"Gymnocalycium mihanovichii rubra &#8217;strawberry cactus&#8216;"}]},{"@type":"WebSite","@id":"https:\/\/www.kakteen-matk-berlin.de\/#website","url":"https:\/\/www.kakteen-matk-berlin.de\/","name":"Helmut Matk Kakteenkulturen","description":"100 j\u00e4hrige, produzierende Kakteeng\u00e4rtnerei in 4. Generation. Kakteen und andere Sukkulenten in allen Gr\u00f6\u00dfen-Formen-Farben mit Schaugarten und Onlineshop.","publisher":{"@id":"https:\/\/www.kakteen-matk-berlin.de\/#organization"},"alternateName":"Kakteen und andere Sukkulenten","potentialAction":[{"@type":"SearchAction","target":{"@type":"EntryPoint","urlTemplate":"https:\/\/www.kakteen-matk-berlin.de\/?s={search_term_string}"},"query-input":{"@type":"PropertyValueSpecification","valueRequired":true,"valueName":"search_term_string"}}],"inLanguage":"en-US"},{"@type":"Organization","@id":"https:\/\/www.kakteen-matk-berlin.de\/#organization","name":"Helmut Matk Kakteenkulturen","url":"https:\/\/www.kakteen-matk-berlin.de\/","logo":{"@type":"ImageObject","inLanguage":"en-US","@id":"https:\/\/www.kakteen-matk-berlin.de\/#\/schema\/logo\/image\/","url":"https:\/\/www.kakteen-matk-berlin.de\/wp-content\/uploads\/2023\/11\/cropped-Label.png","contentUrl":"https:\/\/www.kakteen-matk-berlin.de\/wp-content\/uploads\/2023\/11\/cropped-Label.png","width":512,"height":512,"caption":"Helmut Matk Kakteenkulturen"},"image":{"@id":"https:\/\/www.kakteen-matk-berlin.de\/#\/schema\/logo\/image\/"}}]}},"_links":{"self":[{"href":"https:\/\/www.kakteen-matk-berlin.de\/en\/wp-json\/wp\/v2\/product\/1953","targetHints":{"allow":["GET"]}}],"collection":[{"href":"https:\/\/www.kakteen-matk-berlin.de\/en\/wp-json\/wp\/v2\/product"}],"about":[{"href":"https:\/\/www.kakteen-matk-berlin.de\/en\/wp-json\/wp\/v2\/types\/product"}],"replies":[{"embeddable":true,"href":"https:\/\/www.kakteen-matk-berlin.de\/en\/wp-json\/wp\/v2\/comments?post=1953"}],"wp:featuredmedia":[{"embeddable":true,"href":"https:\/\/www.kakteen-matk-berlin.de\/en\/wp-json\/wp\/v2\/media\/1006"}],"wp:attachment":[{"href":"https:\/\/www.kakteen-matk-berlin.de\/en\/wp-json\/wp\/v2\/media?parent=1953"}],"wp:term":[{"taxonomy":"product_brand","embeddable":true,"href":"https:\/\/www.kakteen-matk-berlin.de\/en\/wp-json\/wp\/v2\/product_brand?post=1953"},{"taxonomy":"product_cat","embeddable":true,"href":"https:\/\/www.kakteen-matk-berlin.de\/en\/wp-json\/wp\/v2\/product_cat?post=1953"},{"taxonomy":"product_tag","embeddable":true,"href":"https:\/\/www.kakteen-matk-berlin.de\/en\/wp-json\/wp\/v2\/product_tag?post=1953"}],"curies":[{"name":"wp","href":"https:\/\/api.w.org\/{rel}","templated":true}]}}