{"id":1918,"date":"2019-01-23T17:19:11","date_gmt":"2019-01-23T16:19:11","guid":{"rendered":"https:\/\/www.kakteen-matk-berlin.de\/?post_type=product&#038;p=1918"},"modified":"2022-05-07T15:32:43","modified_gmt":"2022-05-07T13:32:43","slug":"albuca-humilis","status":"publish","type":"product","link":"https:\/\/www.kakteen-matk-berlin.de\/en\/produkt\/albuca-humilis\/","title":{"rendered":"Albuca humilis"},"content":{"rendered":"","protected":false},"excerpt":{"rendered":"<p><span class=\"VIiyi\" lang=\"en\"><span class=\"JLqJ4b ChMk0b\" data-language-for-alternatives=\"en\" data-language-to-translate-into=\"de\" data-phrase-index=\"0\" data-number-of-phrases=\"1\">fragrant flower<\/span><\/span><\/p>\n","protected":false},"featured_media":7344,"comment_status":"open","ping_status":"closed","template":"","meta":[],"product_brand":[],"product_cat":[228,80],"product_tag":[],"class_list":{"0":"post-1918","1":"product","2":"type-product","3":"status-publish","4":"has-post-thumbnail","6":"product_cat-albuca-en","7":"product_cat-succulent","9":"first","10":"instock","11":"taxable","12":"shipping-taxable","13":"purchasable","14":"product-type-variable"},"yoast_head":"<!-- This site is optimized with the Yoast SEO plugin v27.4 - https:\/\/yoast.com\/product\/yoast-seo-wordpress\/ -->\n<title>Albuca humilis<\/title>\n<meta name=\"robots\" content=\"index, follow, max-snippet:-1, max-image-preview:large, max-video-preview:-1\" \/>\n<link rel=\"canonical\" href=\"https:\/\/www.kakteen-matk-berlin.de\/en\/produkt\/albuca-humilis\/\" \/>\n<meta property=\"og:locale\" content=\"en_US\" \/>\n<meta property=\"og:type\" content=\"article\" \/>\n<meta property=\"og:title\" content=\"Albuca humilis\" \/>\n<meta property=\"og:description\" content=\"fragrant flower\" \/>\n<meta property=\"og:url\" content=\"https:\/\/www.kakteen-matk-berlin.de\/en\/produkt\/albuca-humilis\/\" \/>\n<meta property=\"og:site_name\" content=\"Helmut Matk Kakteenkulturen\" \/>\n<meta property=\"article:modified_time\" content=\"2022-05-07T13:32:43+00:00\" \/>\n<meta property=\"og:image\" content=\"https:\/\/www.kakteen-matk-berlin.de\/wp-content\/uploads\/2021\/03\/20210324_142643.jpg\" \/>\n\t<meta property=\"og:image:width\" content=\"1676\" \/>\n\t<meta property=\"og:image:height\" content=\"1907\" \/>\n\t<meta property=\"og:image:type\" content=\"image\/jpeg\" \/>\n<meta name=\"twitter:card\" content=\"summary_large_image\" \/>\n<script type=\"application\/ld+json\" class=\"yoast-schema-graph\">{\"@context\":\"https:\\\/\\\/schema.org\",\"@graph\":[{\"@type\":\"WebPage\",\"@id\":\"https:\\\/\\\/www.kakteen-matk-berlin.de\\\/en\\\/produkt\\\/albuca-humilis\\\/\",\"url\":\"https:\\\/\\\/www.kakteen-matk-berlin.de\\\/en\\\/produkt\\\/albuca-humilis\\\/\",\"name\":\"Albuca humilis\",\"isPartOf\":{\"@id\":\"https:\\\/\\\/www.kakteen-matk-berlin.de\\\/#website\"},\"primaryImageOfPage\":{\"@id\":\"https:\\\/\\\/www.kakteen-matk-berlin.de\\\/en\\\/produkt\\\/albuca-humilis\\\/#primaryimage\"},\"image\":{\"@id\":\"https:\\\/\\\/www.kakteen-matk-berlin.de\\\/en\\\/produkt\\\/albuca-humilis\\\/#primaryimage\"},\"thumbnailUrl\":\"https:\\\/\\\/www.kakteen-matk-berlin.de\\\/wp-content\\\/uploads\\\/2021\\\/03\\\/20210324_142643.jpg\",\"datePublished\":\"2019-01-23T16:19:11+00:00\",\"dateModified\":\"2022-05-07T13:32:43+00:00\",\"breadcrumb\":{\"@id\":\"https:\\\/\\\/www.kakteen-matk-berlin.de\\\/en\\\/produkt\\\/albuca-humilis\\\/#breadcrumb\"},\"inLanguage\":\"en-US\",\"potentialAction\":[{\"@type\":\"ReadAction\",\"target\":[\"https:\\\/\\\/www.kakteen-matk-berlin.de\\\/en\\\/produkt\\\/albuca-humilis\\\/\"]}]},{\"@type\":\"ImageObject\",\"inLanguage\":\"en-US\",\"@id\":\"https:\\\/\\\/www.kakteen-matk-berlin.de\\\/en\\\/produkt\\\/albuca-humilis\\\/#primaryimage\",\"url\":\"https:\\\/\\\/www.kakteen-matk-berlin.de\\\/wp-content\\\/uploads\\\/2021\\\/03\\\/20210324_142643.jpg\",\"contentUrl\":\"https:\\\/\\\/www.kakteen-matk-berlin.de\\\/wp-content\\\/uploads\\\/2021\\\/03\\\/20210324_142643.jpg\",\"width\":1676,\"height\":1907},{\"@type\":\"BreadcrumbList\",\"@id\":\"https:\\\/\\\/www.kakteen-matk-berlin.de\\\/en\\\/produkt\\\/albuca-humilis\\\/#breadcrumb\",\"itemListElement\":[{\"@type\":\"ListItem\",\"position\":1,\"name\":\"Startseite\",\"item\":\"https:\\\/\\\/www.kakteen-matk-berlin.de\\\/en\\\/\"},{\"@type\":\"ListItem\",\"position\":2,\"name\":\"Alle Produkte\",\"item\":\"https:\\\/\\\/www.kakteen-matk-berlin.de\\\/alle-produkte\\\/\"},{\"@type\":\"ListItem\",\"position\":3,\"name\":\"Albuca humilis\"}]},{\"@type\":\"WebSite\",\"@id\":\"https:\\\/\\\/www.kakteen-matk-berlin.de\\\/#website\",\"url\":\"https:\\\/\\\/www.kakteen-matk-berlin.de\\\/\",\"name\":\"Helmut Matk Kakteenkulturen\",\"description\":\"100 j\u00e4hrige, produzierende Kakteeng\u00e4rtnerei in 4. Generation. Kakteen und andere Sukkulenten in allen Gr\u00f6\u00dfen-Formen-Farben mit Schaugarten und Onlineshop.\",\"publisher\":{\"@id\":\"https:\\\/\\\/www.kakteen-matk-berlin.de\\\/#organization\"},\"alternateName\":\"Kakteen und andere Sukkulenten\",\"potentialAction\":[{\"@type\":\"SearchAction\",\"target\":{\"@type\":\"EntryPoint\",\"urlTemplate\":\"https:\\\/\\\/www.kakteen-matk-berlin.de\\\/?s={search_term_string}\"},\"query-input\":{\"@type\":\"PropertyValueSpecification\",\"valueRequired\":true,\"valueName\":\"search_term_string\"}}],\"inLanguage\":\"en-US\"},{\"@type\":\"Organization\",\"@id\":\"https:\\\/\\\/www.kakteen-matk-berlin.de\\\/#organization\",\"name\":\"Helmut Matk Kakteenkulturen\",\"url\":\"https:\\\/\\\/www.kakteen-matk-berlin.de\\\/\",\"logo\":{\"@type\":\"ImageObject\",\"inLanguage\":\"en-US\",\"@id\":\"https:\\\/\\\/www.kakteen-matk-berlin.de\\\/#\\\/schema\\\/logo\\\/image\\\/\",\"url\":\"https:\\\/\\\/www.kakteen-matk-berlin.de\\\/wp-content\\\/uploads\\\/2023\\\/11\\\/cropped-Label.png\",\"contentUrl\":\"https:\\\/\\\/www.kakteen-matk-berlin.de\\\/wp-content\\\/uploads\\\/2023\\\/11\\\/cropped-Label.png\",\"width\":512,\"height\":512,\"caption\":\"Helmut Matk Kakteenkulturen\"},\"image\":{\"@id\":\"https:\\\/\\\/www.kakteen-matk-berlin.de\\\/#\\\/schema\\\/logo\\\/image\\\/\"}}]}<\/script>\n<!-- \/ Yoast SEO plugin. -->","yoast_head_json":{"title":"Albuca humilis","robots":{"index":"index","follow":"follow","max-snippet":"max-snippet:-1","max-image-preview":"max-image-preview:large","max-video-preview":"max-video-preview:-1"},"canonical":"https:\/\/www.kakteen-matk-berlin.de\/en\/produkt\/albuca-humilis\/","og_locale":"en_US","og_type":"article","og_title":"Albuca humilis","og_description":"fragrant flower","og_url":"https:\/\/www.kakteen-matk-berlin.de\/en\/produkt\/albuca-humilis\/","og_site_name":"Helmut Matk Kakteenkulturen","article_modified_time":"2022-05-07T13:32:43+00:00","og_image":[{"width":1676,"height":1907,"url":"https:\/\/www.kakteen-matk-berlin.de\/wp-content\/uploads\/2021\/03\/20210324_142643.jpg","type":"image\/jpeg"}],"twitter_card":"summary_large_image","schema":{"@context":"https:\/\/schema.org","@graph":[{"@type":"WebPage","@id":"https:\/\/www.kakteen-matk-berlin.de\/en\/produkt\/albuca-humilis\/","url":"https:\/\/www.kakteen-matk-berlin.de\/en\/produkt\/albuca-humilis\/","name":"Albuca humilis","isPartOf":{"@id":"https:\/\/www.kakteen-matk-berlin.de\/#website"},"primaryImageOfPage":{"@id":"https:\/\/www.kakteen-matk-berlin.de\/en\/produkt\/albuca-humilis\/#primaryimage"},"image":{"@id":"https:\/\/www.kakteen-matk-berlin.de\/en\/produkt\/albuca-humilis\/#primaryimage"},"thumbnailUrl":"https:\/\/www.kakteen-matk-berlin.de\/wp-content\/uploads\/2021\/03\/20210324_142643.jpg","datePublished":"2019-01-23T16:19:11+00:00","dateModified":"2022-05-07T13:32:43+00:00","breadcrumb":{"@id":"https:\/\/www.kakteen-matk-berlin.de\/en\/produkt\/albuca-humilis\/#breadcrumb"},"inLanguage":"en-US","potentialAction":[{"@type":"ReadAction","target":["https:\/\/www.kakteen-matk-berlin.de\/en\/produkt\/albuca-humilis\/"]}]},{"@type":"ImageObject","inLanguage":"en-US","@id":"https:\/\/www.kakteen-matk-berlin.de\/en\/produkt\/albuca-humilis\/#primaryimage","url":"https:\/\/www.kakteen-matk-berlin.de\/wp-content\/uploads\/2021\/03\/20210324_142643.jpg","contentUrl":"https:\/\/www.kakteen-matk-berlin.de\/wp-content\/uploads\/2021\/03\/20210324_142643.jpg","width":1676,"height":1907},{"@type":"BreadcrumbList","@id":"https:\/\/www.kakteen-matk-berlin.de\/en\/produkt\/albuca-humilis\/#breadcrumb","itemListElement":[{"@type":"ListItem","position":1,"name":"Startseite","item":"https:\/\/www.kakteen-matk-berlin.de\/en\/"},{"@type":"ListItem","position":2,"name":"Alle Produkte","item":"https:\/\/www.kakteen-matk-berlin.de\/alle-produkte\/"},{"@type":"ListItem","position":3,"name":"Albuca humilis"}]},{"@type":"WebSite","@id":"https:\/\/www.kakteen-matk-berlin.de\/#website","url":"https:\/\/www.kakteen-matk-berlin.de\/","name":"Helmut Matk Kakteenkulturen","description":"100 j\u00e4hrige, produzierende Kakteeng\u00e4rtnerei in 4. Generation. Kakteen und andere Sukkulenten in allen Gr\u00f6\u00dfen-Formen-Farben mit Schaugarten und Onlineshop.","publisher":{"@id":"https:\/\/www.kakteen-matk-berlin.de\/#organization"},"alternateName":"Kakteen und andere Sukkulenten","potentialAction":[{"@type":"SearchAction","target":{"@type":"EntryPoint","urlTemplate":"https:\/\/www.kakteen-matk-berlin.de\/?s={search_term_string}"},"query-input":{"@type":"PropertyValueSpecification","valueRequired":true,"valueName":"search_term_string"}}],"inLanguage":"en-US"},{"@type":"Organization","@id":"https:\/\/www.kakteen-matk-berlin.de\/#organization","name":"Helmut Matk Kakteenkulturen","url":"https:\/\/www.kakteen-matk-berlin.de\/","logo":{"@type":"ImageObject","inLanguage":"en-US","@id":"https:\/\/www.kakteen-matk-berlin.de\/#\/schema\/logo\/image\/","url":"https:\/\/www.kakteen-matk-berlin.de\/wp-content\/uploads\/2023\/11\/cropped-Label.png","contentUrl":"https:\/\/www.kakteen-matk-berlin.de\/wp-content\/uploads\/2023\/11\/cropped-Label.png","width":512,"height":512,"caption":"Helmut Matk Kakteenkulturen"},"image":{"@id":"https:\/\/www.kakteen-matk-berlin.de\/#\/schema\/logo\/image\/"}}]}},"_links":{"self":[{"href":"https:\/\/www.kakteen-matk-berlin.de\/en\/wp-json\/wp\/v2\/product\/1918","targetHints":{"allow":["GET"]}}],"collection":[{"href":"https:\/\/www.kakteen-matk-berlin.de\/en\/wp-json\/wp\/v2\/product"}],"about":[{"href":"https:\/\/www.kakteen-matk-berlin.de\/en\/wp-json\/wp\/v2\/types\/product"}],"replies":[{"embeddable":true,"href":"https:\/\/www.kakteen-matk-berlin.de\/en\/wp-json\/wp\/v2\/comments?post=1918"}],"wp:featuredmedia":[{"embeddable":true,"href":"https:\/\/www.kakteen-matk-berlin.de\/en\/wp-json\/wp\/v2\/media\/7344"}],"wp:attachment":[{"href":"https:\/\/www.kakteen-matk-berlin.de\/en\/wp-json\/wp\/v2\/media?parent=1918"}],"wp:term":[{"taxonomy":"product_brand","embeddable":true,"href":"https:\/\/www.kakteen-matk-berlin.de\/en\/wp-json\/wp\/v2\/product_brand?post=1918"},{"taxonomy":"product_cat","embeddable":true,"href":"https:\/\/www.kakteen-matk-berlin.de\/en\/wp-json\/wp\/v2\/product_cat?post=1918"},{"taxonomy":"product_tag","embeddable":true,"href":"https:\/\/www.kakteen-matk-berlin.de\/en\/wp-json\/wp\/v2\/product_tag?post=1918"}],"curies":[{"name":"wp","href":"https:\/\/api.w.org\/{rel}","templated":true}]}}