{"id":1869,"date":"2019-02-13T18:08:03","date_gmt":"2019-02-13T17:08:03","guid":{"rendered":"https:\/\/www.kakteen-matk-berlin.de\/?post_type=product&#038;p=1869"},"modified":"2023-03-11T18:33:13","modified_gmt":"2023-03-11T17:33:13","slug":"crassula-deltoides","status":"publish","type":"product","link":"https:\/\/www.kakteen-matk-berlin.de\/en\/produkt\/crassula-deltoides\/","title":{"rendered":"Crassula deltoides"},"content":{"rendered":"","protected":false},"excerpt":{"rendered":"","protected":false},"featured_media":14837,"comment_status":"open","ping_status":"closed","template":"","meta":[],"product_brand":[],"product_cat":[91,80],"product_tag":[],"class_list":{"0":"post-1869","1":"product","2":"type-product","3":"status-publish","4":"has-post-thumbnail","6":"product_cat-crassula-en","7":"product_cat-succulent","9":"first","10":"instock","11":"taxable","12":"shipping-taxable","13":"purchasable","14":"product-type-simple"},"yoast_head":"<!-- This site is optimized with the Yoast SEO plugin v27.4 - https:\/\/yoast.com\/product\/yoast-seo-wordpress\/ -->\n<title>Crassula deltoides<\/title>\n<meta name=\"robots\" content=\"index, follow, max-snippet:-1, max-image-preview:large, max-video-preview:-1\" \/>\n<link rel=\"canonical\" href=\"https:\/\/www.kakteen-matk-berlin.de\/en\/produkt\/crassula-deltoides\/\" \/>\n<meta property=\"og:locale\" content=\"en_US\" \/>\n<meta property=\"og:type\" content=\"article\" \/>\n<meta property=\"og:title\" content=\"Crassula deltoides\" \/>\n<meta property=\"og:url\" content=\"https:\/\/www.kakteen-matk-berlin.de\/en\/produkt\/crassula-deltoides\/\" \/>\n<meta property=\"og:site_name\" content=\"Helmut Matk Kakteenkulturen\" \/>\n<meta property=\"article:modified_time\" content=\"2023-03-11T17:33:13+00:00\" \/>\n<meta property=\"og:image\" content=\"https:\/\/www.kakteen-matk-berlin.de\/wp-content\/uploads\/2023\/09\/Crassula-deltoides-scaled.jpg\" \/>\n\t<meta property=\"og:image:width\" content=\"1935\" \/>\n\t<meta property=\"og:image:height\" content=\"2560\" \/>\n\t<meta property=\"og:image:type\" content=\"image\/jpeg\" \/>\n<meta name=\"twitter:card\" content=\"summary_large_image\" \/>\n<script type=\"application\/ld+json\" class=\"yoast-schema-graph\">{\"@context\":\"https:\\\/\\\/schema.org\",\"@graph\":[{\"@type\":\"WebPage\",\"@id\":\"https:\\\/\\\/www.kakteen-matk-berlin.de\\\/en\\\/produkt\\\/crassula-deltoides\\\/\",\"url\":\"https:\\\/\\\/www.kakteen-matk-berlin.de\\\/en\\\/produkt\\\/crassula-deltoides\\\/\",\"name\":\"Crassula deltoides\",\"isPartOf\":{\"@id\":\"https:\\\/\\\/www.kakteen-matk-berlin.de\\\/#website\"},\"primaryImageOfPage\":{\"@id\":\"https:\\\/\\\/www.kakteen-matk-berlin.de\\\/en\\\/produkt\\\/crassula-deltoides\\\/#primaryimage\"},\"image\":{\"@id\":\"https:\\\/\\\/www.kakteen-matk-berlin.de\\\/en\\\/produkt\\\/crassula-deltoides\\\/#primaryimage\"},\"thumbnailUrl\":\"https:\\\/\\\/www.kakteen-matk-berlin.de\\\/wp-content\\\/uploads\\\/2023\\\/09\\\/Crassula-deltoides-scaled.jpg\",\"datePublished\":\"2019-02-13T17:08:03+00:00\",\"dateModified\":\"2023-03-11T17:33:13+00:00\",\"breadcrumb\":{\"@id\":\"https:\\\/\\\/www.kakteen-matk-berlin.de\\\/en\\\/produkt\\\/crassula-deltoides\\\/#breadcrumb\"},\"inLanguage\":\"en-US\",\"potentialAction\":[{\"@type\":\"ReadAction\",\"target\":[\"https:\\\/\\\/www.kakteen-matk-berlin.de\\\/en\\\/produkt\\\/crassula-deltoides\\\/\"]}]},{\"@type\":\"ImageObject\",\"inLanguage\":\"en-US\",\"@id\":\"https:\\\/\\\/www.kakteen-matk-berlin.de\\\/en\\\/produkt\\\/crassula-deltoides\\\/#primaryimage\",\"url\":\"https:\\\/\\\/www.kakteen-matk-berlin.de\\\/wp-content\\\/uploads\\\/2023\\\/09\\\/Crassula-deltoides-scaled.jpg\",\"contentUrl\":\"https:\\\/\\\/www.kakteen-matk-berlin.de\\\/wp-content\\\/uploads\\\/2023\\\/09\\\/Crassula-deltoides-scaled.jpg\",\"width\":1935,\"height\":2560},{\"@type\":\"BreadcrumbList\",\"@id\":\"https:\\\/\\\/www.kakteen-matk-berlin.de\\\/en\\\/produkt\\\/crassula-deltoides\\\/#breadcrumb\",\"itemListElement\":[{\"@type\":\"ListItem\",\"position\":1,\"name\":\"Startseite\",\"item\":\"https:\\\/\\\/www.kakteen-matk-berlin.de\\\/en\\\/\"},{\"@type\":\"ListItem\",\"position\":2,\"name\":\"Alle Produkte\",\"item\":\"https:\\\/\\\/www.kakteen-matk-berlin.de\\\/alle-produkte\\\/\"},{\"@type\":\"ListItem\",\"position\":3,\"name\":\"Crassula deltoides\"}]},{\"@type\":\"WebSite\",\"@id\":\"https:\\\/\\\/www.kakteen-matk-berlin.de\\\/#website\",\"url\":\"https:\\\/\\\/www.kakteen-matk-berlin.de\\\/\",\"name\":\"Helmut Matk Kakteenkulturen\",\"description\":\"100 j\u00e4hrige, produzierende Kakteeng\u00e4rtnerei in 4. Generation. Kakteen und andere Sukkulenten in allen Gr\u00f6\u00dfen-Formen-Farben mit Schaugarten und Onlineshop.\",\"publisher\":{\"@id\":\"https:\\\/\\\/www.kakteen-matk-berlin.de\\\/#organization\"},\"alternateName\":\"Kakteen und andere Sukkulenten\",\"potentialAction\":[{\"@type\":\"SearchAction\",\"target\":{\"@type\":\"EntryPoint\",\"urlTemplate\":\"https:\\\/\\\/www.kakteen-matk-berlin.de\\\/?s={search_term_string}\"},\"query-input\":{\"@type\":\"PropertyValueSpecification\",\"valueRequired\":true,\"valueName\":\"search_term_string\"}}],\"inLanguage\":\"en-US\"},{\"@type\":\"Organization\",\"@id\":\"https:\\\/\\\/www.kakteen-matk-berlin.de\\\/#organization\",\"name\":\"Helmut Matk Kakteenkulturen\",\"url\":\"https:\\\/\\\/www.kakteen-matk-berlin.de\\\/\",\"logo\":{\"@type\":\"ImageObject\",\"inLanguage\":\"en-US\",\"@id\":\"https:\\\/\\\/www.kakteen-matk-berlin.de\\\/#\\\/schema\\\/logo\\\/image\\\/\",\"url\":\"https:\\\/\\\/www.kakteen-matk-berlin.de\\\/wp-content\\\/uploads\\\/2023\\\/11\\\/cropped-Label.png\",\"contentUrl\":\"https:\\\/\\\/www.kakteen-matk-berlin.de\\\/wp-content\\\/uploads\\\/2023\\\/11\\\/cropped-Label.png\",\"width\":512,\"height\":512,\"caption\":\"Helmut Matk Kakteenkulturen\"},\"image\":{\"@id\":\"https:\\\/\\\/www.kakteen-matk-berlin.de\\\/#\\\/schema\\\/logo\\\/image\\\/\"}}]}<\/script>\n<!-- \/ Yoast SEO plugin. -->","yoast_head_json":{"title":"Crassula deltoides","robots":{"index":"index","follow":"follow","max-snippet":"max-snippet:-1","max-image-preview":"max-image-preview:large","max-video-preview":"max-video-preview:-1"},"canonical":"https:\/\/www.kakteen-matk-berlin.de\/en\/produkt\/crassula-deltoides\/","og_locale":"en_US","og_type":"article","og_title":"Crassula deltoides","og_url":"https:\/\/www.kakteen-matk-berlin.de\/en\/produkt\/crassula-deltoides\/","og_site_name":"Helmut Matk Kakteenkulturen","article_modified_time":"2023-03-11T17:33:13+00:00","og_image":[{"width":1935,"height":2560,"url":"https:\/\/www.kakteen-matk-berlin.de\/wp-content\/uploads\/2023\/09\/Crassula-deltoides-scaled.jpg","type":"image\/jpeg"}],"twitter_card":"summary_large_image","schema":{"@context":"https:\/\/schema.org","@graph":[{"@type":"WebPage","@id":"https:\/\/www.kakteen-matk-berlin.de\/en\/produkt\/crassula-deltoides\/","url":"https:\/\/www.kakteen-matk-berlin.de\/en\/produkt\/crassula-deltoides\/","name":"Crassula deltoides","isPartOf":{"@id":"https:\/\/www.kakteen-matk-berlin.de\/#website"},"primaryImageOfPage":{"@id":"https:\/\/www.kakteen-matk-berlin.de\/en\/produkt\/crassula-deltoides\/#primaryimage"},"image":{"@id":"https:\/\/www.kakteen-matk-berlin.de\/en\/produkt\/crassula-deltoides\/#primaryimage"},"thumbnailUrl":"https:\/\/www.kakteen-matk-berlin.de\/wp-content\/uploads\/2023\/09\/Crassula-deltoides-scaled.jpg","datePublished":"2019-02-13T17:08:03+00:00","dateModified":"2023-03-11T17:33:13+00:00","breadcrumb":{"@id":"https:\/\/www.kakteen-matk-berlin.de\/en\/produkt\/crassula-deltoides\/#breadcrumb"},"inLanguage":"en-US","potentialAction":[{"@type":"ReadAction","target":["https:\/\/www.kakteen-matk-berlin.de\/en\/produkt\/crassula-deltoides\/"]}]},{"@type":"ImageObject","inLanguage":"en-US","@id":"https:\/\/www.kakteen-matk-berlin.de\/en\/produkt\/crassula-deltoides\/#primaryimage","url":"https:\/\/www.kakteen-matk-berlin.de\/wp-content\/uploads\/2023\/09\/Crassula-deltoides-scaled.jpg","contentUrl":"https:\/\/www.kakteen-matk-berlin.de\/wp-content\/uploads\/2023\/09\/Crassula-deltoides-scaled.jpg","width":1935,"height":2560},{"@type":"BreadcrumbList","@id":"https:\/\/www.kakteen-matk-berlin.de\/en\/produkt\/crassula-deltoides\/#breadcrumb","itemListElement":[{"@type":"ListItem","position":1,"name":"Startseite","item":"https:\/\/www.kakteen-matk-berlin.de\/en\/"},{"@type":"ListItem","position":2,"name":"Alle Produkte","item":"https:\/\/www.kakteen-matk-berlin.de\/alle-produkte\/"},{"@type":"ListItem","position":3,"name":"Crassula deltoides"}]},{"@type":"WebSite","@id":"https:\/\/www.kakteen-matk-berlin.de\/#website","url":"https:\/\/www.kakteen-matk-berlin.de\/","name":"Helmut Matk Kakteenkulturen","description":"100 j\u00e4hrige, produzierende Kakteeng\u00e4rtnerei in 4. Generation. Kakteen und andere Sukkulenten in allen Gr\u00f6\u00dfen-Formen-Farben mit Schaugarten und Onlineshop.","publisher":{"@id":"https:\/\/www.kakteen-matk-berlin.de\/#organization"},"alternateName":"Kakteen und andere Sukkulenten","potentialAction":[{"@type":"SearchAction","target":{"@type":"EntryPoint","urlTemplate":"https:\/\/www.kakteen-matk-berlin.de\/?s={search_term_string}"},"query-input":{"@type":"PropertyValueSpecification","valueRequired":true,"valueName":"search_term_string"}}],"inLanguage":"en-US"},{"@type":"Organization","@id":"https:\/\/www.kakteen-matk-berlin.de\/#organization","name":"Helmut Matk Kakteenkulturen","url":"https:\/\/www.kakteen-matk-berlin.de\/","logo":{"@type":"ImageObject","inLanguage":"en-US","@id":"https:\/\/www.kakteen-matk-berlin.de\/#\/schema\/logo\/image\/","url":"https:\/\/www.kakteen-matk-berlin.de\/wp-content\/uploads\/2023\/11\/cropped-Label.png","contentUrl":"https:\/\/www.kakteen-matk-berlin.de\/wp-content\/uploads\/2023\/11\/cropped-Label.png","width":512,"height":512,"caption":"Helmut Matk Kakteenkulturen"},"image":{"@id":"https:\/\/www.kakteen-matk-berlin.de\/#\/schema\/logo\/image\/"}}]}},"_links":{"self":[{"href":"https:\/\/www.kakteen-matk-berlin.de\/en\/wp-json\/wp\/v2\/product\/1869","targetHints":{"allow":["GET"]}}],"collection":[{"href":"https:\/\/www.kakteen-matk-berlin.de\/en\/wp-json\/wp\/v2\/product"}],"about":[{"href":"https:\/\/www.kakteen-matk-berlin.de\/en\/wp-json\/wp\/v2\/types\/product"}],"replies":[{"embeddable":true,"href":"https:\/\/www.kakteen-matk-berlin.de\/en\/wp-json\/wp\/v2\/comments?post=1869"}],"wp:featuredmedia":[{"embeddable":true,"href":"https:\/\/www.kakteen-matk-berlin.de\/en\/wp-json\/wp\/v2\/media\/14837"}],"wp:attachment":[{"href":"https:\/\/www.kakteen-matk-berlin.de\/en\/wp-json\/wp\/v2\/media?parent=1869"}],"wp:term":[{"taxonomy":"product_brand","embeddable":true,"href":"https:\/\/www.kakteen-matk-berlin.de\/en\/wp-json\/wp\/v2\/product_brand?post=1869"},{"taxonomy":"product_cat","embeddable":true,"href":"https:\/\/www.kakteen-matk-berlin.de\/en\/wp-json\/wp\/v2\/product_cat?post=1869"},{"taxonomy":"product_tag","embeddable":true,"href":"https:\/\/www.kakteen-matk-berlin.de\/en\/wp-json\/wp\/v2\/product_tag?post=1869"}],"curies":[{"name":"wp","href":"https:\/\/api.w.org\/{rel}","templated":true}]}}