{"id":13249,"date":"2023-03-06T23:09:28","date_gmt":"2023-03-06T22:09:28","guid":{"rendered":"https:\/\/www.kakteen-matk-berlin.de\/?post_type=product&#038;p=13249"},"modified":"2025-09-11T13:17:51","modified_gmt":"2025-09-11T11:17:51","slug":"echinocactus-horizonthalonius","status":"publish","type":"product","link":"https:\/\/www.kakteen-matk-berlin.de\/en\/produkt\/echinocactus-horizonthalonius\/","title":{"rendered":"Echinocactus KMR22 horizonthalonius Entroque Huizache"},"content":{"rendered":"","protected":false},"excerpt":{"rendered":"","protected":false},"featured_media":14226,"comment_status":"open","ping_status":"closed","template":"","meta":[],"product_brand":[],"product_cat":[79,283],"product_tag":[],"class_list":{"0":"post-13249","1":"product","2":"type-product","3":"status-publish","4":"has-post-thumbnail","6":"product_cat-cacti","7":"product_cat-echinocactus-en","9":"first","10":"instock","11":"sold-individually","12":"taxable","13":"shipping-taxable","14":"purchasable","15":"product-type-simple"},"yoast_head":"<!-- This site is optimized with the Yoast SEO plugin v27.4 - https:\/\/yoast.com\/product\/yoast-seo-wordpress\/ -->\n<title>Echinocactus horizonthalonius<\/title>\n<meta name=\"description\" content=\"Echinocactus KMR22 horizonthalonius Entroque Huizache\" \/>\n<meta name=\"robots\" content=\"index, follow, max-snippet:-1, max-image-preview:large, max-video-preview:-1\" \/>\n<link rel=\"canonical\" href=\"https:\/\/www.kakteen-matk-berlin.de\/en\/produkt\/echinocactus-horizonthalonius\/\" \/>\n<meta property=\"og:locale\" content=\"en_US\" \/>\n<meta property=\"og:type\" content=\"article\" \/>\n<meta property=\"og:title\" content=\"Echinocactus horizonthalonius\" \/>\n<meta property=\"og:description\" content=\"Echinocactus KMR22 horizonthalonius Entroque Huizache\" \/>\n<meta property=\"og:url\" content=\"https:\/\/www.kakteen-matk-berlin.de\/en\/produkt\/echinocactus-horizonthalonius\/\" \/>\n<meta property=\"og:site_name\" content=\"Helmut Matk Kakteenkulturen\" \/>\n<meta property=\"article:modified_time\" content=\"2025-09-11T11:17:51+00:00\" \/>\n<meta property=\"og:image\" content=\"https:\/\/www.kakteen-matk-berlin.de\/wp-content\/uploads\/2023\/06\/Echinocactus-horizonthalonius.jpg\" \/>\n\t<meta property=\"og:image:width\" content=\"1580\" \/>\n\t<meta property=\"og:image:height\" content=\"2107\" \/>\n\t<meta property=\"og:image:type\" content=\"image\/jpeg\" \/>\n<meta name=\"twitter:card\" content=\"summary_large_image\" \/>\n<meta name=\"twitter:label1\" content=\"Est. reading time\" \/>\n\t<meta name=\"twitter:data1\" content=\"1 minute\" \/>\n<script type=\"application\/ld+json\" class=\"yoast-schema-graph\">{\"@context\":\"https:\\\/\\\/schema.org\",\"@graph\":[{\"@type\":\"WebPage\",\"@id\":\"https:\\\/\\\/www.kakteen-matk-berlin.de\\\/en\\\/produkt\\\/echinocactus-horizonthalonius\\\/\",\"url\":\"https:\\\/\\\/www.kakteen-matk-berlin.de\\\/en\\\/produkt\\\/echinocactus-horizonthalonius\\\/\",\"name\":\"Echinocactus horizonthalonius\",\"isPartOf\":{\"@id\":\"https:\\\/\\\/www.kakteen-matk-berlin.de\\\/#website\"},\"primaryImageOfPage\":{\"@id\":\"https:\\\/\\\/www.kakteen-matk-berlin.de\\\/en\\\/produkt\\\/echinocactus-horizonthalonius\\\/#primaryimage\"},\"image\":{\"@id\":\"https:\\\/\\\/www.kakteen-matk-berlin.de\\\/en\\\/produkt\\\/echinocactus-horizonthalonius\\\/#primaryimage\"},\"thumbnailUrl\":\"https:\\\/\\\/www.kakteen-matk-berlin.de\\\/wp-content\\\/uploads\\\/2023\\\/06\\\/Echinocactus-horizonthalonius.jpg\",\"datePublished\":\"2023-03-06T22:09:28+00:00\",\"dateModified\":\"2025-09-11T11:17:51+00:00\",\"description\":\"Echinocactus KMR22 horizonthalonius Entroque Huizache\",\"breadcrumb\":{\"@id\":\"https:\\\/\\\/www.kakteen-matk-berlin.de\\\/en\\\/produkt\\\/echinocactus-horizonthalonius\\\/#breadcrumb\"},\"inLanguage\":\"en-US\",\"potentialAction\":[{\"@type\":\"ReadAction\",\"target\":[\"https:\\\/\\\/www.kakteen-matk-berlin.de\\\/en\\\/produkt\\\/echinocactus-horizonthalonius\\\/\"]}]},{\"@type\":\"ImageObject\",\"inLanguage\":\"en-US\",\"@id\":\"https:\\\/\\\/www.kakteen-matk-berlin.de\\\/en\\\/produkt\\\/echinocactus-horizonthalonius\\\/#primaryimage\",\"url\":\"https:\\\/\\\/www.kakteen-matk-berlin.de\\\/wp-content\\\/uploads\\\/2023\\\/06\\\/Echinocactus-horizonthalonius.jpg\",\"contentUrl\":\"https:\\\/\\\/www.kakteen-matk-berlin.de\\\/wp-content\\\/uploads\\\/2023\\\/06\\\/Echinocactus-horizonthalonius.jpg\",\"width\":1580,\"height\":2107},{\"@type\":\"BreadcrumbList\",\"@id\":\"https:\\\/\\\/www.kakteen-matk-berlin.de\\\/en\\\/produkt\\\/echinocactus-horizonthalonius\\\/#breadcrumb\",\"itemListElement\":[{\"@type\":\"ListItem\",\"position\":1,\"name\":\"Startseite\",\"item\":\"https:\\\/\\\/www.kakteen-matk-berlin.de\\\/en\\\/\"},{\"@type\":\"ListItem\",\"position\":2,\"name\":\"Alle Produkte\",\"item\":\"https:\\\/\\\/www.kakteen-matk-berlin.de\\\/alle-produkte\\\/\"},{\"@type\":\"ListItem\",\"position\":3,\"name\":\"Echinocactus KMR22 horizonthalonius Entroque Huizache\"}]},{\"@type\":\"WebSite\",\"@id\":\"https:\\\/\\\/www.kakteen-matk-berlin.de\\\/#website\",\"url\":\"https:\\\/\\\/www.kakteen-matk-berlin.de\\\/\",\"name\":\"Helmut Matk Kakteenkulturen\",\"description\":\"100 j\u00e4hrige, produzierende Kakteeng\u00e4rtnerei in 4. Generation. Kakteen und andere Sukkulenten in allen Gr\u00f6\u00dfen-Formen-Farben mit Schaugarten und Onlineshop.\",\"publisher\":{\"@id\":\"https:\\\/\\\/www.kakteen-matk-berlin.de\\\/#organization\"},\"alternateName\":\"Kakteen und andere Sukkulenten\",\"potentialAction\":[{\"@type\":\"SearchAction\",\"target\":{\"@type\":\"EntryPoint\",\"urlTemplate\":\"https:\\\/\\\/www.kakteen-matk-berlin.de\\\/?s={search_term_string}\"},\"query-input\":{\"@type\":\"PropertyValueSpecification\",\"valueRequired\":true,\"valueName\":\"search_term_string\"}}],\"inLanguage\":\"en-US\"},{\"@type\":\"Organization\",\"@id\":\"https:\\\/\\\/www.kakteen-matk-berlin.de\\\/#organization\",\"name\":\"Helmut Matk Kakteenkulturen\",\"url\":\"https:\\\/\\\/www.kakteen-matk-berlin.de\\\/\",\"logo\":{\"@type\":\"ImageObject\",\"inLanguage\":\"en-US\",\"@id\":\"https:\\\/\\\/www.kakteen-matk-berlin.de\\\/#\\\/schema\\\/logo\\\/image\\\/\",\"url\":\"https:\\\/\\\/www.kakteen-matk-berlin.de\\\/wp-content\\\/uploads\\\/2023\\\/11\\\/cropped-Label.png\",\"contentUrl\":\"https:\\\/\\\/www.kakteen-matk-berlin.de\\\/wp-content\\\/uploads\\\/2023\\\/11\\\/cropped-Label.png\",\"width\":512,\"height\":512,\"caption\":\"Helmut Matk Kakteenkulturen\"},\"image\":{\"@id\":\"https:\\\/\\\/www.kakteen-matk-berlin.de\\\/#\\\/schema\\\/logo\\\/image\\\/\"}}]}<\/script>\n<!-- \/ Yoast SEO plugin. -->","yoast_head_json":{"title":"Echinocactus horizonthalonius","description":"Echinocactus KMR22 horizonthalonius Entroque Huizache","robots":{"index":"index","follow":"follow","max-snippet":"max-snippet:-1","max-image-preview":"max-image-preview:large","max-video-preview":"max-video-preview:-1"},"canonical":"https:\/\/www.kakteen-matk-berlin.de\/en\/produkt\/echinocactus-horizonthalonius\/","og_locale":"en_US","og_type":"article","og_title":"Echinocactus horizonthalonius","og_description":"Echinocactus KMR22 horizonthalonius Entroque Huizache","og_url":"https:\/\/www.kakteen-matk-berlin.de\/en\/produkt\/echinocactus-horizonthalonius\/","og_site_name":"Helmut Matk Kakteenkulturen","article_modified_time":"2025-09-11T11:17:51+00:00","og_image":[{"width":1580,"height":2107,"url":"https:\/\/www.kakteen-matk-berlin.de\/wp-content\/uploads\/2023\/06\/Echinocactus-horizonthalonius.jpg","type":"image\/jpeg"}],"twitter_card":"summary_large_image","twitter_misc":{"Est. reading time":"1 minute"},"schema":{"@context":"https:\/\/schema.org","@graph":[{"@type":"WebPage","@id":"https:\/\/www.kakteen-matk-berlin.de\/en\/produkt\/echinocactus-horizonthalonius\/","url":"https:\/\/www.kakteen-matk-berlin.de\/en\/produkt\/echinocactus-horizonthalonius\/","name":"Echinocactus horizonthalonius","isPartOf":{"@id":"https:\/\/www.kakteen-matk-berlin.de\/#website"},"primaryImageOfPage":{"@id":"https:\/\/www.kakteen-matk-berlin.de\/en\/produkt\/echinocactus-horizonthalonius\/#primaryimage"},"image":{"@id":"https:\/\/www.kakteen-matk-berlin.de\/en\/produkt\/echinocactus-horizonthalonius\/#primaryimage"},"thumbnailUrl":"https:\/\/www.kakteen-matk-berlin.de\/wp-content\/uploads\/2023\/06\/Echinocactus-horizonthalonius.jpg","datePublished":"2023-03-06T22:09:28+00:00","dateModified":"2025-09-11T11:17:51+00:00","description":"Echinocactus KMR22 horizonthalonius Entroque Huizache","breadcrumb":{"@id":"https:\/\/www.kakteen-matk-berlin.de\/en\/produkt\/echinocactus-horizonthalonius\/#breadcrumb"},"inLanguage":"en-US","potentialAction":[{"@type":"ReadAction","target":["https:\/\/www.kakteen-matk-berlin.de\/en\/produkt\/echinocactus-horizonthalonius\/"]}]},{"@type":"ImageObject","inLanguage":"en-US","@id":"https:\/\/www.kakteen-matk-berlin.de\/en\/produkt\/echinocactus-horizonthalonius\/#primaryimage","url":"https:\/\/www.kakteen-matk-berlin.de\/wp-content\/uploads\/2023\/06\/Echinocactus-horizonthalonius.jpg","contentUrl":"https:\/\/www.kakteen-matk-berlin.de\/wp-content\/uploads\/2023\/06\/Echinocactus-horizonthalonius.jpg","width":1580,"height":2107},{"@type":"BreadcrumbList","@id":"https:\/\/www.kakteen-matk-berlin.de\/en\/produkt\/echinocactus-horizonthalonius\/#breadcrumb","itemListElement":[{"@type":"ListItem","position":1,"name":"Startseite","item":"https:\/\/www.kakteen-matk-berlin.de\/en\/"},{"@type":"ListItem","position":2,"name":"Alle Produkte","item":"https:\/\/www.kakteen-matk-berlin.de\/alle-produkte\/"},{"@type":"ListItem","position":3,"name":"Echinocactus KMR22 horizonthalonius Entroque Huizache"}]},{"@type":"WebSite","@id":"https:\/\/www.kakteen-matk-berlin.de\/#website","url":"https:\/\/www.kakteen-matk-berlin.de\/","name":"Helmut Matk Kakteenkulturen","description":"100 j\u00e4hrige, produzierende Kakteeng\u00e4rtnerei in 4. Generation. Kakteen und andere Sukkulenten in allen Gr\u00f6\u00dfen-Formen-Farben mit Schaugarten und Onlineshop.","publisher":{"@id":"https:\/\/www.kakteen-matk-berlin.de\/#organization"},"alternateName":"Kakteen und andere Sukkulenten","potentialAction":[{"@type":"SearchAction","target":{"@type":"EntryPoint","urlTemplate":"https:\/\/www.kakteen-matk-berlin.de\/?s={search_term_string}"},"query-input":{"@type":"PropertyValueSpecification","valueRequired":true,"valueName":"search_term_string"}}],"inLanguage":"en-US"},{"@type":"Organization","@id":"https:\/\/www.kakteen-matk-berlin.de\/#organization","name":"Helmut Matk Kakteenkulturen","url":"https:\/\/www.kakteen-matk-berlin.de\/","logo":{"@type":"ImageObject","inLanguage":"en-US","@id":"https:\/\/www.kakteen-matk-berlin.de\/#\/schema\/logo\/image\/","url":"https:\/\/www.kakteen-matk-berlin.de\/wp-content\/uploads\/2023\/11\/cropped-Label.png","contentUrl":"https:\/\/www.kakteen-matk-berlin.de\/wp-content\/uploads\/2023\/11\/cropped-Label.png","width":512,"height":512,"caption":"Helmut Matk Kakteenkulturen"},"image":{"@id":"https:\/\/www.kakteen-matk-berlin.de\/#\/schema\/logo\/image\/"}}]}},"_links":{"self":[{"href":"https:\/\/www.kakteen-matk-berlin.de\/en\/wp-json\/wp\/v2\/product\/13249","targetHints":{"allow":["GET"]}}],"collection":[{"href":"https:\/\/www.kakteen-matk-berlin.de\/en\/wp-json\/wp\/v2\/product"}],"about":[{"href":"https:\/\/www.kakteen-matk-berlin.de\/en\/wp-json\/wp\/v2\/types\/product"}],"replies":[{"embeddable":true,"href":"https:\/\/www.kakteen-matk-berlin.de\/en\/wp-json\/wp\/v2\/comments?post=13249"}],"wp:featuredmedia":[{"embeddable":true,"href":"https:\/\/www.kakteen-matk-berlin.de\/en\/wp-json\/wp\/v2\/media\/14226"}],"wp:attachment":[{"href":"https:\/\/www.kakteen-matk-berlin.de\/en\/wp-json\/wp\/v2\/media?parent=13249"}],"wp:term":[{"taxonomy":"product_brand","embeddable":true,"href":"https:\/\/www.kakteen-matk-berlin.de\/en\/wp-json\/wp\/v2\/product_brand?post=13249"},{"taxonomy":"product_cat","embeddable":true,"href":"https:\/\/www.kakteen-matk-berlin.de\/en\/wp-json\/wp\/v2\/product_cat?post=13249"},{"taxonomy":"product_tag","embeddable":true,"href":"https:\/\/www.kakteen-matk-berlin.de\/en\/wp-json\/wp\/v2\/product_tag?post=13249"}],"curies":[{"name":"wp","href":"https:\/\/api.w.org\/{rel}","templated":true}]}}