{"id":512,"date":"2018-08-06T09:18:48","date_gmt":"2018-08-06T07:18:48","guid":{"rendered":"http:\/\/kanteen-shop.projekte-web.com\/agb\/"},"modified":"2018-09-10T11:42:07","modified_gmt":"2018-09-10T09:42:07","slug":"terms","status":"publish","type":"page","link":"https:\/\/www.kakteen-matk-berlin.de\/en\/terms\/","title":{"rendered":"Terms and Conditions &#038; Cancellation Policy"},"content":{"rendered":"<p>&nbsp;<\/p>\n<h1>AGB und Widerrufsbelehrung<\/h1>\n<h2>Allgemeine Gesch\u00e4ftsbedingungen<\/h2>\n<p><strong>Geltungsbereich:<\/strong><br \/>\nF\u00fcr alle Bestellungen in unseren Onlineshop und den damit verbundenen Waren gelten die nachfolgenden Bedingungen.<\/p>\n<p><strong>Gerichtsstand:<\/strong><br \/>\nGerichtsstand f\u00fcr beide Seiten ist Berlin.<\/p>\n<p><strong>Vertragspartner:<\/strong><br \/>\nDer Vertrag kommt zustande mit Thomas Matk, John-Locken Stra\u00dfe 36\/40, 12305 Berlin, Tel. 030 7458880, eMail info@kakteen-matk-berlin.de, Umsatzsteuergesetz (wird beantragt)<\/p>\n<p><strong>Vertragsschluss:<\/strong><br \/>\nDie dargestellten Produkte im Onlineshop stellen verbindliche Kaufangebote dar. Durch Abschluss des Kaufs nehmen Sie das Angebot verbindlich an. Um ein Kaufangebot anzunehmen, m\u00fcssen Sie am Ende des Bestellprozesses mit dem Button \u201eKaufen\u201c bet\u00e4tigen.<\/p>\n<p><strong>Preise:<\/strong><br \/>\nAlle Preise sind in Euro \u20ac angegeben.<\/p>\n<p><strong>Gr\u00f6\u00dfe der Pflanzen:<\/strong><br \/>\nGr\u00f6\u00dfe der Pflanzen sind ungef\u00e4hre angaben, k\u00f6nnen daher variieren. Im allgemeinen wird die Topfgr\u00f6\u00dfe angegeben.<\/p>\n<p><strong>Ersatz bei Lieferung:<\/strong><br \/>\nBei vergriffener Ware liefern wir eigenst\u00e4ndig keinen Ersatz, sollte die Ware vergriffen sein so wird Ihnen der Kaufbetrag f\u00fcr diese erstattet und nur die verf\u00fcgbare Ware geliefert.<\/p>\n<p><strong>Vertragssprache:<\/strong><br \/>\nVertragssprache ist Deutsch.<\/p>\n<p><strong>Vertragstexts:<\/strong><br \/>\nNach erfolgter Bestellabwicklung wird Ihnen der Vertragstext so wie Ihre Bestelldaten per eMail zugesendet. Diese k\u00f6nnen Sie jederzeit auf unserer Internetseite in Ihrem Kundenkonto einsehen.<\/p>\n<p><strong>Personen bezogene Daten und deren Speicherung:<\/strong><br \/>\nIhre Personenbezogenen Daten werden nur zur Auftragsabwicklung verwendet und keinem dritten weitergegeben. Alle Daten werden auf einem externen Server gespeichert.<\/p>\n<p><strong>Eigentumsvorbehalt:<\/strong><br \/>\nDie gelieferte Ware bleibt bis zur vollst\u00e4ndigen Bezahlung unser Eigentum.<\/p>\n<p><strong>Lieferbedingungen:<\/strong><br \/>\nLieferung nur solange der Vorrat reicht. Alle Pflanzen werden ohne Topf und Substrat versendet. Die Lieferung erfolgt per Deutscher Post bzw. DHL auf Kosten und Gefahr des Empf\u00e4ngers. Die Lieferzeiten k\u00f6nnen variieren, wir sind jedoch stets bem\u00fcht die Bestellungen der Reihenfolge nach abzuarbeiten.<\/p>\n<p><strong>Zahlungsbedingungen:<\/strong><br \/>\nDer Rechnungsbetrag ist innerhalb von 7 Tagen, nach Rechnungserhalt, unter der in der Zahlungsabwicklung hinterlegten Zahlungsm\u00f6glichkeiten zu begleichen, anderenfalls wird der Auftrag verworfen und als storniert betrachtet. Wir behalten uns das Recht vor, einzelne Zahlungsarten abzulehnen.<\/p>\n<p><strong>Gew\u00e4hrleistung:<\/strong><br \/>\nEs gilt das gesetzliche M\u00e4ngelhaftungsrecht laut BGB, falls nicht anderweitig vereinbart. Sollten Sie trotz alle Sorgfalt doch einmal einen Grund zur Beanstandung haben, dann setzen Sie sich bitte mit uns in Kontakt.<\/p>\n<p><strong>Transportsch\u00e4den:<\/strong><br \/>\nBei offensichtlichen Transportsch\u00e4den reklamieren Sie diese bitte sofort bei Ihrem Zulieferer und setzen sich schnellstm\u00f6glich mit uns in Verbindung.<\/p>\n<p><strong>Online Streitbeilegung:<\/strong><br \/>\nDie Europ\u00e4ische Kommission stellt eine Plattform f\u00fcr die au\u00dfergerichtliche Online-Streitbeilegung (OS-Plattform) bereit, die unter www.ec.europa.eu\/consumers\/odr aufrufbar ist. Unsere E-Mail-Adresse finden Sie in unserem Impressum. Eine Liste mit den Kontaktdaten der anerkannten Streitschlichtungsstellen finden Sie unter https:\/\/ec.europa.eu\/consumers\/odr\/main\/index.cfm?event=main.adr.show. Wir nehmen am Streitschlichtungsverfahren teil.<\/p>\n<p>Gesetz \u00fcber die alternative Streitbeilegung in Verbrauchersachen (Verbraucherstreitbeilegungsgesetz &#8211; VSBG)<br \/>\nWir sind zur Beilegung von Streitigkeiten mit Verbrauchern zur Teilnahme an einem Streitbeilegungsverfahren vor einer Verbraucherschlichtungsstelle bereit. Die zust\u00e4ndige Verbraucherschlichtungsstelle ist:<\/p>\n<p>Allgemeine Verbraucherschlichtungsstelle<br \/>\ndes Zentrums f\u00fcr Schlichtung e.V.<br \/>\nStra\u00dfburger Stra\u00dfe 8<br \/>\n77694 Kehl am Rhein<br \/>\nwww.verbraucher-schlichter.de<\/p>\n<p>Zur Beilegung der genannten Streitigkeiten werden wir in einem Streitbeilegungsverfahren vor dieser Stelle teilnehmen.<\/p>\n<p><strong>Datenschutz:<\/strong><br \/>\nIch bin damit einverstanden, dass f\u00fcr die Auftrags- und Bestellabwicklung sowie Archivierung notwendigen pers\u00f6nlichen Daten auf Datentr\u00e4gern gespeichert werden. Ich stimme der Erhebung, Verarbeitung und Nutzung meiner personenbezogenen Daten ausdr\u00fccklich zu.<\/p>\n<p>Diese Einwilligung kann ich jederzeit mit Wirkung f\u00fcr die Zukunft widerrufen, indem ich vom Kundenservice mein Konto l\u00f6schen lasse.<\/p>\n<p>Die Verarbeitung der Daten geschieht unter Beachtung des Telemediengesetzes (TMG). S\u00e4mtliche Daten werden vertraulich behandelt. Ohne Ihre ausdr\u00fcckliche Einwilligung oder ohne gesetzliche Grundlage werden Ihre personenbezogenen Daten nicht an au\u00dferhalb der Vertragsabwicklung stehende Dritte weitergegeben.<\/p>\n<p>&nbsp;<\/p>\n<h2>Widerrufsbelehrung<\/h2>\n<p><strong>Widerrufsrecht<\/strong><br \/>\nSie haben das Recht, binnen vierzehn Tagen ohne Angabe von Gr\u00fcnden diesen Vertrag zu widerrufen.<br \/>\nDie Widerrufsfrist betr\u00e4gt vierzehn Tage ab dem Tag an dem Sie oder ein von Ihnen benannter Dritter, der nicht der Bef\u00f6rderer ist, die Waren in Besitz genommen haben bzw. hat.<br \/>\nUm Ihr Widerrufsrecht auszu\u00fcben, m\u00fcssen Sie uns ( Thomas Matk, John-Locken Stra\u00dfe 36\/40, 12305 Berlin, Tel. 030 7458880, eMail info@kakteen-matk-berlin.de mittels einer eindeutigen Erkl\u00e4rung (z. B. ein mit der Post versandter Brief, Telefax oder E-Mail) \u00fcber Ihren Entschluss, diesen Vertrag zu widerrufen, informieren.<br \/>\nZur Wahrung der Widerrufsfrist reicht es aus, dass Sie die Mitteilung \u00fcber die Aus\u00fcbung des Widerrufsrechts vor Ablauf der Widerrufsfrist absenden.<\/p>\n<p><strong>Folgen des Widerrufs<\/strong><br \/>\nWenn Sie diesen Vertrag widerrufen, haben wir Ihnen alle Zahlungen, die wir von Ihnen erhalten haben, einschlie\u00dflich der Lieferkosten (mit Ausnahme der zus\u00e4tzlichen Kosten, die sich daraus ergeben, dass Sie eine andere Art der Lieferung als die von uns angebotene, g\u00fcnstigste Standardlieferung gew\u00e4hlt haben), unverz\u00fcglich und sp\u00e4testens binnen vierzehn Tagen ab dem Tag zur\u00fcckzuzahlen, an dem die Mitteilung \u00fcber Ihren Widerruf dieses Vertrags bei uns eingegangen ist. F\u00fcr diese R\u00fcckzahlung verwenden wir dasselbe Zahlungsmittel, das Sie bei der urspr\u00fcnglichen Transaktion eingesetzt haben, es<br \/>\nsei denn, mit Ihnen wurde ausdr\u00fccklich etwas anderes vereinbart; in keinem Fall werden Ihnen wegen dieser R\u00fcckzahlung Entgelte berechnet.<br \/>\nWir k\u00f6nnen die R\u00fcckzahlung verweigern, bis wir die Waren wieder zur\u00fcckerhalten haben oder bis Sie den Nachweis erbracht haben, dass Sie die Waren zur\u00fcckgesandt haben,<br \/>\nje nachdem, welches der fr\u00fchere Zeitpunkt ist.<br \/>\nSie haben die Waren unverz\u00fcglich und in jedem Fall sp\u00e4testens binnen vierzehn Tagen ab dem Tag, an dem Sie uns \u00fcber den Widerruf dieses Vertrags unterrichten, an uns (Thomas Matk, John-Locken Stra\u00dfe 36\/40, 12305 Berlin) zur\u00fcckzusenden oder zu \u00fcbergeben. Die Frist ist gewahrt, wenn Sie die Waren vor Ablauf der Frist von vierzehn Tagen absenden.<\/p>\n<p>Sie m\u00fcssen f\u00fcr einen etwaigen Wertverlust der Waren nur aufkommen, wenn dieser Wertverlust auf einen zur Pr\u00fcfung der Beschaffenheit, Eigenschaften und Funktionsweise der Waren nicht notwendigen Umgang mit ihnen zur\u00fcckzuf\u00fchren ist.<\/p>\n<p>Sie tragen die unmittelbaren Kosten der R\u00fccksendung der Waren.<\/p>\n","protected":false},"excerpt":{"rendered":"<p>&nbsp; AGB und Widerrufsbelehrung Allgemeine Gesch\u00e4ftsbedingungen Geltungsbereich: F\u00fcr alle Bestellungen in unseren Onlineshop und den damit verbundenen Waren gelten die nachfolgenden Bedingungen. Gerichtsstand: Gerichtsstand f\u00fcr beide Seiten ist Berlin. Vertragspartner: Der Vertrag kommt zustande mit Thomas Matk, John-Locken Stra\u00dfe 36\/40, 12305 Berlin, Tel. 030 7458880, eMail info@kakteen-matk-berlin.de, Umsatzsteuergesetz (wird beantragt) Vertragsschluss: Die dargestellten Produkte im [&hellip;]<\/p>\n","protected":false},"author":1,"featured_media":0,"parent":0,"menu_order":0,"comment_status":"closed","ping_status":"closed","template":"legal.php","meta":{"footnotes":""},"class_list":["post-512","page","type-page","status-publish","hentry"],"yoast_head":"<!-- This site is optimized with the Yoast SEO plugin v27.4 - https:\/\/yoast.com\/product\/yoast-seo-wordpress\/ -->\n<title>Terms and Conditions &amp; Cancellation Policy - Helmut Matk Kakteenkulturen<\/title>\n<meta name=\"robots\" content=\"index, follow, max-snippet:-1, max-image-preview:large, max-video-preview:-1\" \/>\n<link rel=\"canonical\" href=\"https:\/\/www.kakteen-matk-berlin.de\/agb\/\" \/>\n<meta property=\"og:locale\" content=\"en_US\" \/>\n<meta property=\"og:type\" content=\"article\" \/>\n<meta property=\"og:title\" content=\"Terms and Conditions &amp; Cancellation Policy - Helmut Matk Kakteenkulturen\" \/>\n<meta property=\"og:description\" content=\"&nbsp; AGB und Widerrufsbelehrung Allgemeine Gesch\u00e4ftsbedingungen Geltungsbereich: F\u00fcr alle Bestellungen in unseren Onlineshop und den damit verbundenen Waren gelten die nachfolgenden Bedingungen. Gerichtsstand: Gerichtsstand f\u00fcr beide Seiten ist Berlin. Vertragspartner: Der Vertrag kommt zustande mit Thomas Matk, John-Locken Stra\u00dfe 36\/40, 12305 Berlin, Tel. 030 7458880, eMail info@kakteen-matk-berlin.de, Umsatzsteuergesetz (wird beantragt) Vertragsschluss: Die dargestellten Produkte im [&hellip;]\" \/>\n<meta property=\"og:url\" content=\"https:\/\/www.kakteen-matk-berlin.de\/agb\/\" \/>\n<meta property=\"og:site_name\" content=\"Helmut Matk Kakteenkulturen\" \/>\n<meta property=\"article:modified_time\" content=\"2018-09-10T09:42:07+00:00\" \/>\n<meta property=\"og:image\" content=\"https:\/\/www.kakteen-matk-berlin.de\/wp-content\/uploads\/2023\/11\/cropped-Label.png\" \/>\n\t<meta property=\"og:image:width\" content=\"512\" \/>\n\t<meta property=\"og:image:height\" content=\"512\" \/>\n\t<meta property=\"og:image:type\" content=\"image\/png\" \/>\n<meta name=\"twitter:card\" content=\"summary_large_image\" \/>\n<meta name=\"twitter:label1\" content=\"Est. reading time\" \/>\n\t<meta name=\"twitter:data1\" content=\"5 minutes\" \/>\n<script type=\"application\/ld+json\" class=\"yoast-schema-graph\">{\"@context\":\"https:\\\/\\\/schema.org\",\"@graph\":[{\"@type\":\"WebPage\",\"@id\":\"https:\\\/\\\/www.kakteen-matk-berlin.de\\\/agb\\\/\",\"url\":\"https:\\\/\\\/www.kakteen-matk-berlin.de\\\/agb\\\/\",\"name\":\"Terms and Conditions & Cancellation Policy - Helmut Matk Kakteenkulturen\",\"isPartOf\":{\"@id\":\"https:\\\/\\\/www.kakteen-matk-berlin.de\\\/#website\"},\"datePublished\":\"2018-08-06T07:18:48+00:00\",\"dateModified\":\"2018-09-10T09:42:07+00:00\",\"breadcrumb\":{\"@id\":\"https:\\\/\\\/www.kakteen-matk-berlin.de\\\/agb\\\/#breadcrumb\"},\"inLanguage\":\"en-US\",\"potentialAction\":[{\"@type\":\"ReadAction\",\"target\":[\"https:\\\/\\\/www.kakteen-matk-berlin.de\\\/agb\\\/\"]}]},{\"@type\":\"BreadcrumbList\",\"@id\":\"https:\\\/\\\/www.kakteen-matk-berlin.de\\\/agb\\\/#breadcrumb\",\"itemListElement\":[{\"@type\":\"ListItem\",\"position\":1,\"name\":\"Startseite\",\"item\":\"https:\\\/\\\/www.kakteen-matk-berlin.de\\\/en\\\/\"},{\"@type\":\"ListItem\",\"position\":2,\"name\":\"Terms and Conditions &#038; Cancellation Policy\"}]},{\"@type\":\"WebSite\",\"@id\":\"https:\\\/\\\/www.kakteen-matk-berlin.de\\\/#website\",\"url\":\"https:\\\/\\\/www.kakteen-matk-berlin.de\\\/\",\"name\":\"Helmut Matk Kakteenkulturen\",\"description\":\"100 j\u00e4hrige, produzierende Kakteeng\u00e4rtnerei in 4. Generation. Kakteen und andere Sukkulenten in allen Gr\u00f6\u00dfen-Formen-Farben mit Schaugarten und Onlineshop.\",\"publisher\":{\"@id\":\"https:\\\/\\\/www.kakteen-matk-berlin.de\\\/#organization\"},\"alternateName\":\"Kakteen und andere Sukkulenten\",\"potentialAction\":[{\"@type\":\"SearchAction\",\"target\":{\"@type\":\"EntryPoint\",\"urlTemplate\":\"https:\\\/\\\/www.kakteen-matk-berlin.de\\\/?s={search_term_string}\"},\"query-input\":{\"@type\":\"PropertyValueSpecification\",\"valueRequired\":true,\"valueName\":\"search_term_string\"}}],\"inLanguage\":\"en-US\"},{\"@type\":\"Organization\",\"@id\":\"https:\\\/\\\/www.kakteen-matk-berlin.de\\\/#organization\",\"name\":\"Helmut Matk Kakteenkulturen\",\"url\":\"https:\\\/\\\/www.kakteen-matk-berlin.de\\\/\",\"logo\":{\"@type\":\"ImageObject\",\"inLanguage\":\"en-US\",\"@id\":\"https:\\\/\\\/www.kakteen-matk-berlin.de\\\/#\\\/schema\\\/logo\\\/image\\\/\",\"url\":\"https:\\\/\\\/www.kakteen-matk-berlin.de\\\/wp-content\\\/uploads\\\/2023\\\/11\\\/cropped-Label.png\",\"contentUrl\":\"https:\\\/\\\/www.kakteen-matk-berlin.de\\\/wp-content\\\/uploads\\\/2023\\\/11\\\/cropped-Label.png\",\"width\":512,\"height\":512,\"caption\":\"Helmut Matk Kakteenkulturen\"},\"image\":{\"@id\":\"https:\\\/\\\/www.kakteen-matk-berlin.de\\\/#\\\/schema\\\/logo\\\/image\\\/\"}}]}<\/script>\n<!-- \/ Yoast SEO plugin. -->","yoast_head_json":{"title":"Terms and Conditions & Cancellation Policy - Helmut Matk Kakteenkulturen","robots":{"index":"index","follow":"follow","max-snippet":"max-snippet:-1","max-image-preview":"max-image-preview:large","max-video-preview":"max-video-preview:-1"},"canonical":"https:\/\/www.kakteen-matk-berlin.de\/agb\/","og_locale":"en_US","og_type":"article","og_title":"Terms and Conditions & Cancellation Policy - Helmut Matk Kakteenkulturen","og_description":"&nbsp; AGB und Widerrufsbelehrung Allgemeine Gesch\u00e4ftsbedingungen Geltungsbereich: F\u00fcr alle Bestellungen in unseren Onlineshop und den damit verbundenen Waren gelten die nachfolgenden Bedingungen. Gerichtsstand: Gerichtsstand f\u00fcr beide Seiten ist Berlin. Vertragspartner: Der Vertrag kommt zustande mit Thomas Matk, John-Locken Stra\u00dfe 36\/40, 12305 Berlin, Tel. 030 7458880, eMail info@kakteen-matk-berlin.de, Umsatzsteuergesetz (wird beantragt) Vertragsschluss: Die dargestellten Produkte im [&hellip;]","og_url":"https:\/\/www.kakteen-matk-berlin.de\/agb\/","og_site_name":"Helmut Matk Kakteenkulturen","article_modified_time":"2018-09-10T09:42:07+00:00","og_image":[{"width":512,"height":512,"url":"https:\/\/www.kakteen-matk-berlin.de\/wp-content\/uploads\/2023\/11\/cropped-Label.png","type":"image\/png"}],"twitter_card":"summary_large_image","twitter_misc":{"Est. reading time":"5 minutes"},"schema":{"@context":"https:\/\/schema.org","@graph":[{"@type":"WebPage","@id":"https:\/\/www.kakteen-matk-berlin.de\/agb\/","url":"https:\/\/www.kakteen-matk-berlin.de\/agb\/","name":"Terms and Conditions & Cancellation Policy - Helmut Matk Kakteenkulturen","isPartOf":{"@id":"https:\/\/www.kakteen-matk-berlin.de\/#website"},"datePublished":"2018-08-06T07:18:48+00:00","dateModified":"2018-09-10T09:42:07+00:00","breadcrumb":{"@id":"https:\/\/www.kakteen-matk-berlin.de\/agb\/#breadcrumb"},"inLanguage":"en-US","potentialAction":[{"@type":"ReadAction","target":["https:\/\/www.kakteen-matk-berlin.de\/agb\/"]}]},{"@type":"BreadcrumbList","@id":"https:\/\/www.kakteen-matk-berlin.de\/agb\/#breadcrumb","itemListElement":[{"@type":"ListItem","position":1,"name":"Startseite","item":"https:\/\/www.kakteen-matk-berlin.de\/en\/"},{"@type":"ListItem","position":2,"name":"Terms and Conditions &#038; Cancellation Policy"}]},{"@type":"WebSite","@id":"https:\/\/www.kakteen-matk-berlin.de\/#website","url":"https:\/\/www.kakteen-matk-berlin.de\/","name":"Helmut Matk Kakteenkulturen","description":"100 j\u00e4hrige, produzierende Kakteeng\u00e4rtnerei in 4. Generation. Kakteen und andere Sukkulenten in allen Gr\u00f6\u00dfen-Formen-Farben mit Schaugarten und Onlineshop.","publisher":{"@id":"https:\/\/www.kakteen-matk-berlin.de\/#organization"},"alternateName":"Kakteen und andere Sukkulenten","potentialAction":[{"@type":"SearchAction","target":{"@type":"EntryPoint","urlTemplate":"https:\/\/www.kakteen-matk-berlin.de\/?s={search_term_string}"},"query-input":{"@type":"PropertyValueSpecification","valueRequired":true,"valueName":"search_term_string"}}],"inLanguage":"en-US"},{"@type":"Organization","@id":"https:\/\/www.kakteen-matk-berlin.de\/#organization","name":"Helmut Matk Kakteenkulturen","url":"https:\/\/www.kakteen-matk-berlin.de\/","logo":{"@type":"ImageObject","inLanguage":"en-US","@id":"https:\/\/www.kakteen-matk-berlin.de\/#\/schema\/logo\/image\/","url":"https:\/\/www.kakteen-matk-berlin.de\/wp-content\/uploads\/2023\/11\/cropped-Label.png","contentUrl":"https:\/\/www.kakteen-matk-berlin.de\/wp-content\/uploads\/2023\/11\/cropped-Label.png","width":512,"height":512,"caption":"Helmut Matk Kakteenkulturen"},"image":{"@id":"https:\/\/www.kakteen-matk-berlin.de\/#\/schema\/logo\/image\/"}}]}},"_links":{"self":[{"href":"https:\/\/www.kakteen-matk-berlin.de\/en\/wp-json\/wp\/v2\/pages\/512","targetHints":{"allow":["GET"]}}],"collection":[{"href":"https:\/\/www.kakteen-matk-berlin.de\/en\/wp-json\/wp\/v2\/pages"}],"about":[{"href":"https:\/\/www.kakteen-matk-berlin.de\/en\/wp-json\/wp\/v2\/types\/page"}],"author":[{"embeddable":true,"href":"https:\/\/www.kakteen-matk-berlin.de\/en\/wp-json\/wp\/v2\/users\/1"}],"replies":[{"embeddable":true,"href":"https:\/\/www.kakteen-matk-berlin.de\/en\/wp-json\/wp\/v2\/comments?post=512"}],"version-history":[{"count":0,"href":"https:\/\/www.kakteen-matk-berlin.de\/en\/wp-json\/wp\/v2\/pages\/512\/revisions"}],"wp:attachment":[{"href":"https:\/\/www.kakteen-matk-berlin.de\/en\/wp-json\/wp\/v2\/media?parent=512"}],"curies":[{"name":"wp","href":"https:\/\/api.w.org\/{rel}","templated":true}]}}